{"id":51,"date":"2017-01-18T07:34:13","date_gmt":"2017-01-18T07:34:13","guid":{"rendered":"http:\/\/test.jaba.dk\/?page_id=51"},"modified":"2017-01-21T17:14:18","modified_gmt":"2017-01-21T17:14:18","slug":"fraflytning","status":"publish","type":"page","link":"https:\/\/www.jaba.dk\/?page_id=51","title":{"rendered":"Opsigelse"},"content":{"rendered":"<p>Hvis du\/i vil opsige jeres lejem\u00e5l kan dette g\u00f8res med nedenst\u00e5ende formular, men bem\u00e6rk at en opsigelse kun er gyldig s\u00e5fremt der er vedh\u00e6ftet en underskrevet opsigelse. Denne kan ogs\u00e5 fremsendes pr. post.<\/p>\n<p>Hvis du\/i \u00f8nsker at vi fors\u00f8ger at genudleje f\u00f8r tiden bedes dette anf\u00f8res i nedenst\u00e5ende formular.<\/p>\n<p>V\u00e6r opm\u00e6rksom p\u00e5 at alle lejem\u00e5l har 3 m\u00e5neders opsigelsesvarsel, og lejem\u00e5let skal overdrages til udlejer senest 10 arbejdsdage f\u00f8r oph\u00f8r.<\/p>\n<p>&nbsp;<\/p>\n\n<div class=\"wpcf7 no-js\" id=\"wpcf7-f118-o1\" lang=\"da-DK\" dir=\"ltr\" data-wpcf7-id=\"118\">\n<div class=\"screen-reader-response\"><p role=\"status\" aria-live=\"polite\" aria-atomic=\"true\"><\/p> <ul><\/ul><\/div>\n<form action=\"\/index.php?rest_route=%2Fwp%2Fv2%2Fpages%2F51#wpcf7-f118-o1\" method=\"post\" class=\"wpcf7-form init\" aria-label=\"Kontaktformular\" enctype=\"multipart\/form-data\" novalidate=\"novalidate\" data-status=\"init\">\n<fieldset class=\"hidden-fields-container\"><input type=\"hidden\" name=\"_wpcf7\" value=\"118\" \/><input type=\"hidden\" name=\"_wpcf7_version\" value=\"6.1.6\" \/><input type=\"hidden\" name=\"_wpcf7_locale\" value=\"da_DK\" \/><input type=\"hidden\" name=\"_wpcf7_unit_tag\" value=\"wpcf7-f118-o1\" \/><input type=\"hidden\" name=\"_wpcf7_container_post\" value=\"0\" \/><input type=\"hidden\" name=\"_wpcf7_posted_data_hash\" value=\"\" \/><input type=\"hidden\" name=\"_wpcf7_recaptcha_response\" value=\"\" \/>\n<\/fieldset>\n<p>V\u00e6lg ejendom *<br \/>\n<span class=\"wpcf7-form-control-wrap\" data-name=\"menu-505\"><select class=\"wpcf7-form-control wpcf7-select wpcf7-validates-as-required\" aria-required=\"true\" aria-invalid=\"false\" name=\"menu-505\"><option value=\"\">&#8212;V\u00e6lg venligst en mulighed&#8212;<\/option><option value=\"Bogensegade 15, 8000 Aarhus C\">Bogensegade 15, 8000 Aarhus C<\/option><option value=\"Christen K\u00f8bkes Gade 10, 8000 Aarhus C\">Christen K\u00f8bkes Gade 10, 8000 Aarhus C<\/option><option value=\"Christian W\u00e6rumsgade 18, 8000 Aarhus C\">Christian W\u00e6rumsgade 18, 8000 Aarhus C<\/option><option value=\"Tousvej 97, 8230 \u00c5byh\u00f8j\">Tousvej 97, 8230 \u00c5byh\u00f8j<\/option><option value=\"Tousvej 99, 8230 \u00c5byh\u00f8j\">Tousvej 99, 8230 \u00c5byh\u00f8j<\/option><option value=\"Vestre Ringgade 62, 8000 Aarhus C\">Vestre Ringgade 62, 8000 Aarhus C<\/option><option value=\"\u00c5lborggade 24, 8000 Aarhus C\">\u00c5lborggade 24, 8000 Aarhus C<\/option><option value=\"Viborgvej 29, 8000 Aarhus C\">Viborgvej 29, 8000 Aarhus C<\/option><\/select><\/span>\n<\/p>\n<p><label> Etage \/ Side *<br \/>\n<span class=\"wpcf7-form-control-wrap\" data-name=\"text-675\"><input size=\"40\" maxlength=\"400\" class=\"wpcf7-form-control wpcf7-text wpcf7-validates-as-required\" aria-required=\"true\" aria-invalid=\"false\" value=\"\" type=\"text\" name=\"text-675\" \/><\/span><br \/>\n<\/label><label> Dit navn *<br \/>\n<span class=\"wpcf7-form-control-wrap\" data-name=\"your-name\"><input size=\"40\" maxlength=\"400\" class=\"wpcf7-form-control wpcf7-text wpcf7-validates-as-required\" aria-required=\"true\" aria-invalid=\"false\" value=\"\" type=\"text\" name=\"your-name\" \/><\/span><br \/>\n<\/label><label> Din e-mail *<br \/>\n<span class=\"wpcf7-form-control-wrap\" data-name=\"your-email\"><input size=\"40\" maxlength=\"400\" class=\"wpcf7-form-control wpcf7-email wpcf7-validates-as-required wpcf7-text wpcf7-validates-as-email\" aria-required=\"true\" aria-invalid=\"false\" value=\"\" type=\"email\" name=\"your-email\" \/><\/span><br \/>\n<\/label><label> Dit telefonnummer *<br \/>\n<span class=\"wpcf7-form-control-wrap\" data-name=\"tel-209\"><input size=\"40\" maxlength=\"400\" class=\"wpcf7-form-control wpcf7-tel wpcf7-validates-as-required wpcf7-text wpcf7-validates-as-tel\" aria-required=\"true\" aria-invalid=\"false\" value=\"\" type=\"tel\" name=\"tel-209\" \/><\/span><br \/>\n<\/label><label> Opsigelses dato *<br \/>\n<span class=\"wpcf7-form-control-wrap\" data-name=\"text-247\"><input size=\"40\" maxlength=\"400\" class=\"wpcf7-form-control wpcf7-text wpcf7-validates-as-required\" aria-required=\"true\" aria-invalid=\"false\" value=\"\" type=\"text\" name=\"text-247\" \/><\/span><br \/>\n<\/label><label> Din besked<br \/>\n<span class=\"wpcf7-form-control-wrap\" data-name=\"your-message\"><textarea cols=\"40\" rows=\"10\" maxlength=\"2000\" class=\"wpcf7-form-control wpcf7-textarea\" aria-invalid=\"false\" name=\"your-message\"><\/textarea><\/span><br \/>\n<\/label><label> Vedh\u00e6ft indscannet dokument *<br \/>\n<span class=\"wpcf7-form-control-wrap\" data-name=\"file-220\"><input size=\"40\" class=\"wpcf7-form-control wpcf7-file wpcf7-validates-as-required\" accept=\"audio\/*,video\/*,image\/*\" aria-required=\"true\" aria-invalid=\"false\" type=\"file\" name=\"file-220\" \/><\/span><br \/>\n<input class=\"wpcf7-form-control wpcf7-submit has-spinner\" type=\"submit\" value=\"Send opsigelse\" \/><br \/>\n* Skal udfyldes<br \/>\n** Hvis dit billede ikke kan uploades er det fordi det fylder for meget, reducer billede st\u00f8rrelse, evt. ved at tage screenshot af billede og uploade.<\/label>\n<\/p><div class=\"wpcf7-response-output\" aria-hidden=\"true\"><\/div>\n<\/form>\n<\/div>\n\n<p>&nbsp;<\/p>\n","protected":false},"excerpt":{"rendered":"<p>Hvis du\/i vil opsige jeres lejem\u00e5l kan dette g\u00f8res med nedenst\u00e5ende formular, men bem\u00e6rk at en opsigelse kun er gyldig s\u00e5fremt der er vedh\u00e6ftet en underskrevet opsigelse. Denne kan ogs\u00e5 fremsendes pr. post. Hvis du\/i \u00f8nsker at vi fors\u00f8ger at genudleje f\u00f8r tiden bedes dette anf\u00f8res i nedenst\u00e5ende formular. V\u00e6r opm\u00e6rksom p\u00e5 at alle lejem\u00e5l &#8230; <a title=\"Opsigelse\" class=\"read-more\" href=\"https:\/\/www.jaba.dk\/?page_id=51\">Read more<\/a><\/p>\n","protected":false},"author":1,"featured_media":0,"parent":0,"menu_order":0,"comment_status":"closed","ping_status":"closed","template":"","meta":{"generate_page_header":"","footnotes":""},"class_list":["post-51","page","type-page","status-publish"],"yoast_head":"<!-- This site is optimized with the Yoast SEO plugin v27.6 - https:\/\/yoast.com\/product\/yoast-seo-wordpress\/ -->\n<title>Opsigelse - Jaba Ejendomme A\/S<\/title>\n<meta name=\"robots\" content=\"index, follow, max-snippet:-1, max-image-preview:large, max-video-preview:-1\" \/>\n<link rel=\"canonical\" href=\"https:\/\/www.jaba.dk\/?page_id=51\" \/>\n<meta property=\"og:locale\" content=\"da_DK\" \/>\n<meta property=\"og:type\" content=\"article\" \/>\n<meta property=\"og:title\" content=\"Opsigelse - Jaba Ejendomme A\/S\" \/>\n<meta property=\"og:description\" content=\"Hvis du\/i vil opsige jeres lejem\u00e5l kan dette g\u00f8res med nedenst\u00e5ende formular, men bem\u00e6rk at en opsigelse kun er gyldig s\u00e5fremt der er vedh\u00e6ftet en underskrevet opsigelse. Denne kan ogs\u00e5 fremsendes pr. post. Hvis du\/i \u00f8nsker at vi fors\u00f8ger at genudleje f\u00f8r tiden bedes dette anf\u00f8res i nedenst\u00e5ende formular. V\u00e6r opm\u00e6rksom p\u00e5 at alle lejem\u00e5l ... Read more\" \/>\n<meta property=\"og:url\" content=\"https:\/\/www.jaba.dk\/?page_id=51\" \/>\n<meta property=\"og:site_name\" content=\"Jaba Ejendomme A\/S\" \/>\n<meta property=\"article:modified_time\" content=\"2017-01-21T17:14:18+00:00\" \/>\n<meta name=\"twitter:card\" content=\"summary_large_image\" \/>\n<script type=\"application\/ld+json\" class=\"yoast-schema-graph\">{\"@context\":\"https:\\\/\\\/schema.org\",\"@graph\":[{\"@type\":\"WebPage\",\"@id\":\"https:\\\/\\\/www.jaba.dk\\\/?page_id=51\",\"url\":\"https:\\\/\\\/www.jaba.dk\\\/?page_id=51\",\"name\":\"Opsigelse - Jaba Ejendomme A\\\/S\",\"isPartOf\":{\"@id\":\"https:\\\/\\\/www.jaba.dk\\\/#website\"},\"datePublished\":\"2017-01-18T07:34:13+00:00\",\"dateModified\":\"2017-01-21T17:14:18+00:00\",\"breadcrumb\":{\"@id\":\"https:\\\/\\\/www.jaba.dk\\\/?page_id=51#breadcrumb\"},\"inLanguage\":\"da-DK\",\"potentialAction\":[{\"@type\":\"ReadAction\",\"target\":[\"https:\\\/\\\/www.jaba.dk\\\/?page_id=51\"]}]},{\"@type\":\"BreadcrumbList\",\"@id\":\"https:\\\/\\\/www.jaba.dk\\\/?page_id=51#breadcrumb\",\"itemListElement\":[{\"@type\":\"ListItem\",\"position\":1,\"name\":\"Hjem\",\"item\":\"https:\\\/\\\/www.jaba.dk\\\/\"},{\"@type\":\"ListItem\",\"position\":2,\"name\":\"Opsigelse\"}]},{\"@type\":\"WebSite\",\"@id\":\"https:\\\/\\\/www.jaba.dk\\\/#website\",\"url\":\"https:\\\/\\\/www.jaba.dk\\\/\",\"name\":\"Jaba Ejendomme A\\\/S\",\"description\":\"\",\"publisher\":{\"@id\":\"https:\\\/\\\/www.jaba.dk\\\/#organization\"},\"potentialAction\":[{\"@type\":\"SearchAction\",\"target\":{\"@type\":\"EntryPoint\",\"urlTemplate\":\"https:\\\/\\\/www.jaba.dk\\\/?s={search_term_string}\"},\"query-input\":{\"@type\":\"PropertyValueSpecification\",\"valueRequired\":true,\"valueName\":\"search_term_string\"}}],\"inLanguage\":\"da-DK\"},{\"@type\":\"Organization\",\"@id\":\"https:\\\/\\\/www.jaba.dk\\\/#organization\",\"name\":\"Jaba Ejendomme A\\\/S\",\"url\":\"https:\\\/\\\/www.jaba.dk\\\/\",\"logo\":{\"@type\":\"ImageObject\",\"inLanguage\":\"da-DK\",\"@id\":\"https:\\\/\\\/www.jaba.dk\\\/#\\\/schema\\\/logo\\\/image\\\/\",\"url\":\"https:\\\/\\\/www.jaba.dk\\\/wp-content\\\/uploads\\\/2017\\\/01\\\/jabalog-3-2.jpg\",\"contentUrl\":\"https:\\\/\\\/www.jaba.dk\\\/wp-content\\\/uploads\\\/2017\\\/01\\\/jabalog-3-2.jpg\",\"width\":237,\"height\":86,\"caption\":\"Jaba Ejendomme A\\\/S\"},\"image\":{\"@id\":\"https:\\\/\\\/www.jaba.dk\\\/#\\\/schema\\\/logo\\\/image\\\/\"}}]}<\/script>\n<!-- \/ Yoast SEO plugin. -->","yoast_head_json":{"title":"Opsigelse - Jaba Ejendomme A\/S","robots":{"index":"index","follow":"follow","max-snippet":"max-snippet:-1","max-image-preview":"max-image-preview:large","max-video-preview":"max-video-preview:-1"},"canonical":"https:\/\/www.jaba.dk\/?page_id=51","og_locale":"da_DK","og_type":"article","og_title":"Opsigelse - Jaba Ejendomme A\/S","og_description":"Hvis du\/i vil opsige jeres lejem\u00e5l kan dette g\u00f8res med nedenst\u00e5ende formular, men bem\u00e6rk at en opsigelse kun er gyldig s\u00e5fremt der er vedh\u00e6ftet en underskrevet opsigelse. Denne kan ogs\u00e5 fremsendes pr. post. Hvis du\/i \u00f8nsker at vi fors\u00f8ger at genudleje f\u00f8r tiden bedes dette anf\u00f8res i nedenst\u00e5ende formular. V\u00e6r opm\u00e6rksom p\u00e5 at alle lejem\u00e5l ... Read more","og_url":"https:\/\/www.jaba.dk\/?page_id=51","og_site_name":"Jaba Ejendomme A\/S","article_modified_time":"2017-01-21T17:14:18+00:00","twitter_card":"summary_large_image","schema":{"@context":"https:\/\/schema.org","@graph":[{"@type":"WebPage","@id":"https:\/\/www.jaba.dk\/?page_id=51","url":"https:\/\/www.jaba.dk\/?page_id=51","name":"Opsigelse - Jaba Ejendomme A\/S","isPartOf":{"@id":"https:\/\/www.jaba.dk\/#website"},"datePublished":"2017-01-18T07:34:13+00:00","dateModified":"2017-01-21T17:14:18+00:00","breadcrumb":{"@id":"https:\/\/www.jaba.dk\/?page_id=51#breadcrumb"},"inLanguage":"da-DK","potentialAction":[{"@type":"ReadAction","target":["https:\/\/www.jaba.dk\/?page_id=51"]}]},{"@type":"BreadcrumbList","@id":"https:\/\/www.jaba.dk\/?page_id=51#breadcrumb","itemListElement":[{"@type":"ListItem","position":1,"name":"Hjem","item":"https:\/\/www.jaba.dk\/"},{"@type":"ListItem","position":2,"name":"Opsigelse"}]},{"@type":"WebSite","@id":"https:\/\/www.jaba.dk\/#website","url":"https:\/\/www.jaba.dk\/","name":"Jaba Ejendomme A\/S","description":"","publisher":{"@id":"https:\/\/www.jaba.dk\/#organization"},"potentialAction":[{"@type":"SearchAction","target":{"@type":"EntryPoint","urlTemplate":"https:\/\/www.jaba.dk\/?s={search_term_string}"},"query-input":{"@type":"PropertyValueSpecification","valueRequired":true,"valueName":"search_term_string"}}],"inLanguage":"da-DK"},{"@type":"Organization","@id":"https:\/\/www.jaba.dk\/#organization","name":"Jaba Ejendomme A\/S","url":"https:\/\/www.jaba.dk\/","logo":{"@type":"ImageObject","inLanguage":"da-DK","@id":"https:\/\/www.jaba.dk\/#\/schema\/logo\/image\/","url":"https:\/\/www.jaba.dk\/wp-content\/uploads\/2017\/01\/jabalog-3-2.jpg","contentUrl":"https:\/\/www.jaba.dk\/wp-content\/uploads\/2017\/01\/jabalog-3-2.jpg","width":237,"height":86,"caption":"Jaba Ejendomme A\/S"},"image":{"@id":"https:\/\/www.jaba.dk\/#\/schema\/logo\/image\/"}}]}},"_links":{"self":[{"href":"https:\/\/www.jaba.dk\/index.php?rest_route=\/wp\/v2\/pages\/51","targetHints":{"allow":["GET"]}}],"collection":[{"href":"https:\/\/www.jaba.dk\/index.php?rest_route=\/wp\/v2\/pages"}],"about":[{"href":"https:\/\/www.jaba.dk\/index.php?rest_route=\/wp\/v2\/types\/page"}],"author":[{"embeddable":true,"href":"https:\/\/www.jaba.dk\/index.php?rest_route=\/wp\/v2\/users\/1"}],"replies":[{"embeddable":true,"href":"https:\/\/www.jaba.dk\/index.php?rest_route=%2Fwp%2Fv2%2Fcomments&post=51"}],"version-history":[{"count":10,"href":"https:\/\/www.jaba.dk\/index.php?rest_route=\/wp\/v2\/pages\/51\/revisions"}],"predecessor-version":[{"id":125,"href":"https:\/\/www.jaba.dk\/index.php?rest_route=\/wp\/v2\/pages\/51\/revisions\/125"}],"wp:attachment":[{"href":"https:\/\/www.jaba.dk\/index.php?rest_route=%2Fwp%2Fv2%2Fmedia&parent=51"}],"curies":[{"name":"wp","href":"https:\/\/api.w.org\/{rel}","templated":true}]}}