{"id":475,"date":"2025-05-26T11:21:59","date_gmt":"2025-05-26T11:21:59","guid":{"rendered":"https:\/\/www.jaba.dk\/?page_id=475"},"modified":"2025-11-03T12:18:18","modified_gmt":"2025-11-03T12:18:18","slug":"raekkehuse-i-hasselager","status":"publish","type":"page","link":"https:\/\/www.jaba.dk\/?page_id=475","title":{"rendered":"R\u00e6kkehuse i Hasselager"},"content":{"rendered":"\t\t<div data-elementor-type=\"wp-page\" data-elementor-id=\"475\" class=\"elementor elementor-475\">\n\t\t\t\t\t\t<section class=\"elementor-section elementor-top-section elementor-element elementor-element-7683526 elementor-section-boxed elementor-section-height-default elementor-section-height-default\" data-id=\"7683526\" data-element_type=\"section\" data-e-type=\"section\">\n\t\t\t\t\t\t<div class=\"elementor-container elementor-column-gap-default\">\n\t\t\t\t\t<div class=\"elementor-column elementor-col-100 elementor-top-column elementor-element elementor-element-f3dc7c6\" data-id=\"f3dc7c6\" data-element_type=\"column\" data-e-type=\"column\">\n\t\t\t<div class=\"elementor-widget-wrap elementor-element-populated\">\n\t\t\t\t\t\t<div class=\"elementor-element elementor-element-51aed55 elementor-widget elementor-widget-heading\" data-id=\"51aed55\" data-element_type=\"widget\" data-e-type=\"widget\" data-widget_type=\"heading.default\">\n\t\t\t\t<div class=\"elementor-widget-container\">\n\t\t\t\t\t<h2 class=\"elementor-heading-title elementor-size-default\"><h3 style=\"font-family: Roboto, sans-serif;font-style: normal\"><span style=\"font-weight: 700\"><i>Nyt r\u00e6kkehus projekt i Hasselager \u00e9t plans huse med indflytning i f\u00f8rste halv\u00e5r af 2026<\/i><\/span><\/h3><\/h2>\t\t\t\t<\/div>\n\t\t\t\t<\/div>\n\t\t\t\t\t<\/div>\n\t\t<\/div>\n\t\t\t\t\t<\/div>\n\t\t<\/section>\n\t\t\t\t<section class=\"elementor-section elementor-top-section elementor-element elementor-element-0b5b8cf elementor-section-boxed elementor-section-height-default elementor-section-height-default\" data-id=\"0b5b8cf\" data-element_type=\"section\" data-e-type=\"section\">\n\t\t\t\t\t\t<div class=\"elementor-container elementor-column-gap-default\">\n\t\t\t\t\t<div class=\"elementor-column elementor-col-100 elementor-top-column elementor-element elementor-element-eaf0276\" data-id=\"eaf0276\" data-element_type=\"column\" data-e-type=\"column\">\n\t\t\t<div class=\"elementor-widget-wrap elementor-element-populated\">\n\t\t\t\t\t\t<div class=\"elementor-element elementor-element-873cd6f elementor-widget elementor-widget-image\" data-id=\"873cd6f\" data-element_type=\"widget\" data-e-type=\"widget\" data-widget_type=\"image.default\">\n\t\t\t\t<div class=\"elementor-widget-container\">\n\t\t\t\t\t\t\t\t\t\t\t\t\t\t\t<img fetchpriority=\"high\" decoding=\"async\" width=\"1024\" height=\"619\" src=\"https:\/\/www.jaba.dk\/wp-content\/uploads\/2025\/11\/1000077956-1024x619.jpg\" class=\"attachment-large size-large wp-image-574\" alt=\"\" srcset=\"https:\/\/www.jaba.dk\/wp-content\/uploads\/2025\/11\/1000077956-1024x619.jpg 1024w, https:\/\/www.jaba.dk\/wp-content\/uploads\/2025\/11\/1000077956-300x181.jpg 300w, https:\/\/www.jaba.dk\/wp-content\/uploads\/2025\/11\/1000077956-768x464.jpg 768w, https:\/\/www.jaba.dk\/wp-content\/uploads\/2025\/11\/1000077956-1536x928.jpg 1536w, https:\/\/www.jaba.dk\/wp-content\/uploads\/2025\/11\/1000077956-2048x1238.jpg 2048w\" sizes=\"(max-width: 1024px) 100vw, 1024px\" \/>\t\t\t\t\t\t\t\t\t\t\t\t\t\t\t<\/div>\n\t\t\t\t<\/div>\n\t\t\t\t\t<\/div>\n\t\t<\/div>\n\t\t\t\t\t<\/div>\n\t\t<\/section>\n\t\t\t\t<section class=\"elementor-section elementor-top-section elementor-element elementor-element-77c9766 elementor-section-boxed elementor-section-height-default elementor-section-height-default\" data-id=\"77c9766\" data-element_type=\"section\" data-e-type=\"section\">\n\t\t\t\t\t\t<div class=\"elementor-container elementor-column-gap-default\">\n\t\t\t\t\t<div class=\"elementor-column elementor-col-100 elementor-top-column elementor-element elementor-element-79e2789\" data-id=\"79e2789\" data-element_type=\"column\" data-e-type=\"column\">\n\t\t\t<div class=\"elementor-widget-wrap elementor-element-populated\">\n\t\t\t\t\t\t<div class=\"elementor-element elementor-element-088217a elementor-widget elementor-widget-text-editor\" data-id=\"088217a\" data-element_type=\"widget\" data-e-type=\"widget\" data-widget_type=\"text-editor.default\">\n\t\t\t\t<div class=\"elementor-widget-container\">\n\t\t\t\t\t\t\t\t\t<p>I sommeren 2026 st\u00e5r vi klar med vores nye \u00e9t plans r\u00e6kkehuse placeret centralt i Hasselager p\u00e5 en stille vej med direkte adgang til stisystem og boldbaner, boligerne opf\u00f8res p\u00e5 en eksisterende grund med privatliv og masser af gr\u00f8nt omkring boligerne.<br \/>Husene er placeret med kort afstand til indk\u00f8bsfaciliteter, daginstitutioner og skole.<\/p><p><b>Du kan se mere p\u00e5 vores projekt hjemmeside\u00a0<a style=\"background-color: #ffffff;\" href=\"https:\/\/skovkanten-hasselager.dk\/\" target=\"_blank\" rel=\"noopener\">https:\/\/skovkanten-hasselager.dk\/<\/a><br \/>Udlejningen er allerede startet, du kan se mere p\u00e5\u00a0<\/b><a style=\"background-color: #ffffff;\" href=\"https:\/\/www.boligportal.dk\/r%C3%A6kkehuse\/aarhus\/110m2-4-vaer-id-5332511\" target=\"_blank\" rel=\"noopener\"><b>BoligPortal<\/b><\/a><\/p><p>Skovkanten Hasselager er alt andet end et traditionelt storbyggeri. Her finder du kun syv r\u00e6kkehuse p\u00e5 en lukket grund, hvor privatliv, n\u00e6rv\u00e6r og et st\u00e6rkt naboskab er i centrum.<br \/><br \/>Vi opf\u00f8rer netop nu syv moderne r\u00e6kkehuse i \u00e9t plan p\u00e5 110 m\u00b2 i Hasselager. <br \/>Boligerne har et lyst k\u00f8kken-alrum, tre v\u00e6relser \u2013 herunder master bedroom med eget badev\u00e6relse og walk-in garderobe. <br \/>Hvert r\u00e6kkehus har overd\u00e6kket terrasse, mindre have og privat indk\u00f8rsel med plads til to biler samt mulighed for el-ladestander.<\/p><p>\u00a0Boligerne er designet med fokus p\u00e5 komfort og funktionalitet:<br \/><br \/>\u2714\ufe0f Alle boliger er bygget i \u00e9t plan <br \/>\u2714\ufe0fLyse, luftige rum og moderne k\u00f8kken-alrum <br \/>\u2714\ufe0fTo badev\u00e6relser med stilrene klinker <br \/>\u2714\ufe0fGulvvarme og ventilationsanl\u00e6g for et sundt indeklima<br \/>\u00a0\u2714\ufe0fAlle h\u00e5rde hvidevarer inkl. vaskemaskine, t\u00f8rretumbler og opvaskemaskine<br \/>\u00a0\u2714\ufe0fSkur til praktisk opbevaring <br \/>\u2714\ufe0f Overd\u00e6kket terrasse Her f\u00e5r du plads til b\u00e5de hverdagsliv og hygge \u2013 i private og rolige omgivelser.<br \/><br \/>Se plantegning af boligerne herunder:<\/p>\t\t\t\t\t\t\t\t<\/div>\n\t\t\t\t<\/div>\n\t\t\t\t\t<\/div>\n\t\t<\/div>\n\t\t\t\t\t<\/div>\n\t\t<\/section>\n\t\t\t\t<section class=\"elementor-section elementor-top-section elementor-element elementor-element-298b1b8 elementor-section-boxed elementor-section-height-default elementor-section-height-default\" data-id=\"298b1b8\" data-element_type=\"section\" data-e-type=\"section\">\n\t\t\t\t\t\t<div class=\"elementor-container elementor-column-gap-default\">\n\t\t\t\t\t<div class=\"elementor-column elementor-col-100 elementor-top-column elementor-element elementor-element-8b25f14\" data-id=\"8b25f14\" data-element_type=\"column\" data-e-type=\"column\">\n\t\t\t<div class=\"elementor-widget-wrap\">\n\t\t\t\t\t\t\t<\/div>\n\t\t<\/div>\n\t\t\t\t\t<\/div>\n\t\t<\/section>\n\t\t\t\t<section class=\"elementor-section elementor-top-section elementor-element elementor-element-e200709 elementor-section-boxed elementor-section-height-default elementor-section-height-default\" data-id=\"e200709\" data-element_type=\"section\" data-e-type=\"section\">\n\t\t\t\t\t\t<div class=\"elementor-container elementor-column-gap-default\">\n\t\t\t\t\t<div class=\"elementor-column elementor-col-100 elementor-top-column elementor-element elementor-element-42af3f5\" data-id=\"42af3f5\" data-element_type=\"column\" data-e-type=\"column\">\n\t\t\t<div class=\"elementor-widget-wrap elementor-element-populated\">\n\t\t\t\t\t\t<div class=\"elementor-element elementor-element-983c4d3 elementor-widget elementor-widget-image\" data-id=\"983c4d3\" data-element_type=\"widget\" data-e-type=\"widget\" data-widget_type=\"image.default\">\n\t\t\t\t<div class=\"elementor-widget-container\">\n\t\t\t\t\t\t\t\t\t\t\t\t\t\t\t<img decoding=\"async\" width=\"962\" height=\"968\" src=\"https:\/\/www.jaba.dk\/wp-content\/uploads\/2025\/05\/Screenshot-2025-05-26-125319.png\" class=\"attachment-large size-large wp-image-450\" alt=\"\" srcset=\"https:\/\/www.jaba.dk\/wp-content\/uploads\/2025\/05\/Screenshot-2025-05-26-125319.png 962w, https:\/\/www.jaba.dk\/wp-content\/uploads\/2025\/05\/Screenshot-2025-05-26-125319-298x300.png 298w, https:\/\/www.jaba.dk\/wp-content\/uploads\/2025\/05\/Screenshot-2025-05-26-125319-150x150.png 150w, https:\/\/www.jaba.dk\/wp-content\/uploads\/2025\/05\/Screenshot-2025-05-26-125319-768x773.png 768w\" sizes=\"(max-width: 962px) 100vw, 962px\" \/>\t\t\t\t\t\t\t\t\t\t\t\t\t\t\t<\/div>\n\t\t\t\t<\/div>\n\t\t\t\t\t<\/div>\n\t\t<\/div>\n\t\t\t\t\t<\/div>\n\t\t<\/section>\n\t\t\t\t<\/div>\n\t\t","protected":false},"excerpt":{"rendered":"<p>Nyt r\u00e6kkehus projekt i Hasselager \u00e9t plans huse med indflytning i f\u00f8rste halv\u00e5r af 2026 I sommeren 2026 st\u00e5r vi klar med vores nye \u00e9t plans r\u00e6kkehuse placeret centralt i Hasselager p\u00e5 en stille vej med direkte adgang til stisystem og boldbaner, boligerne opf\u00f8res p\u00e5 en eksisterende grund med privatliv og masser af gr\u00f8nt omkring &#8230; <a title=\"R\u00e6kkehuse i Hasselager\" class=\"read-more\" href=\"https:\/\/www.jaba.dk\/?page_id=475\">Read more<\/a><\/p>\n","protected":false},"author":1,"featured_media":0,"parent":0,"menu_order":0,"comment_status":"closed","ping_status":"closed","template":"","meta":{"generate_page_header":"","footnotes":""},"class_list":["post-475","page","type-page","status-publish"],"yoast_head":"<!-- This site is optimized with the Yoast SEO plugin v27.5 - https:\/\/yoast.com\/product\/yoast-seo-wordpress\/ -->\n<title>R\u00e6kkehuse i Hasselager - Jaba Ejendomme A\/S<\/title>\n<meta name=\"robots\" content=\"index, follow, max-snippet:-1, max-image-preview:large, max-video-preview:-1\" \/>\n<link rel=\"canonical\" href=\"https:\/\/www.jaba.dk\/?page_id=475\" \/>\n<meta property=\"og:locale\" content=\"da_DK\" \/>\n<meta property=\"og:type\" content=\"article\" \/>\n<meta property=\"og:title\" content=\"R\u00e6kkehuse i Hasselager - Jaba Ejendomme A\/S\" \/>\n<meta property=\"og:description\" content=\"Nyt r\u00e6kkehus projekt i Hasselager \u00e9t plans huse med indflytning i f\u00f8rste halv\u00e5r af 2026 I sommeren 2026 st\u00e5r vi klar med vores nye \u00e9t plans r\u00e6kkehuse placeret centralt i Hasselager p\u00e5 en stille vej med direkte adgang til stisystem og boldbaner, boligerne opf\u00f8res p\u00e5 en eksisterende grund med privatliv og masser af gr\u00f8nt omkring ... Read more\" \/>\n<meta property=\"og:url\" content=\"https:\/\/www.jaba.dk\/?page_id=475\" \/>\n<meta property=\"og:site_name\" content=\"Jaba Ejendomme A\/S\" \/>\n<meta property=\"article:modified_time\" content=\"2025-11-03T12:18:18+00:00\" \/>\n<meta property=\"og:image\" content=\"https:\/\/www.jaba.dk\/wp-content\/uploads\/2025\/11\/1000077956.jpg\" \/>\n\t<meta property=\"og:image:width\" content=\"2490\" \/>\n\t<meta property=\"og:image:height\" content=\"1505\" \/>\n\t<meta property=\"og:image:type\" content=\"image\/jpeg\" \/>\n<meta name=\"twitter:card\" content=\"summary_large_image\" \/>\n<meta name=\"twitter:label1\" content=\"Estimeret l\u00e6setid\" \/>\n\t<meta name=\"twitter:data1\" content=\"2 minutter\" \/>\n<script type=\"application\/ld+json\" class=\"yoast-schema-graph\">{\"@context\":\"https:\\\/\\\/schema.org\",\"@graph\":[{\"@type\":\"WebPage\",\"@id\":\"https:\\\/\\\/www.jaba.dk\\\/?page_id=475\",\"url\":\"https:\\\/\\\/www.jaba.dk\\\/?page_id=475\",\"name\":\"R\u00e6kkehuse i Hasselager - Jaba Ejendomme A\\\/S\",\"isPartOf\":{\"@id\":\"https:\\\/\\\/www.jaba.dk\\\/#website\"},\"primaryImageOfPage\":{\"@id\":\"https:\\\/\\\/www.jaba.dk\\\/?page_id=475#primaryimage\"},\"image\":{\"@id\":\"https:\\\/\\\/www.jaba.dk\\\/?page_id=475#primaryimage\"},\"thumbnailUrl\":\"https:\\\/\\\/www.jaba.dk\\\/wp-content\\\/uploads\\\/2025\\\/11\\\/1000077956-1024x619.jpg\",\"datePublished\":\"2025-05-26T11:21:59+00:00\",\"dateModified\":\"2025-11-03T12:18:18+00:00\",\"breadcrumb\":{\"@id\":\"https:\\\/\\\/www.jaba.dk\\\/?page_id=475#breadcrumb\"},\"inLanguage\":\"da-DK\",\"potentialAction\":[{\"@type\":\"ReadAction\",\"target\":[\"https:\\\/\\\/www.jaba.dk\\\/?page_id=475\"]}]},{\"@type\":\"ImageObject\",\"inLanguage\":\"da-DK\",\"@id\":\"https:\\\/\\\/www.jaba.dk\\\/?page_id=475#primaryimage\",\"url\":\"https:\\\/\\\/www.jaba.dk\\\/wp-content\\\/uploads\\\/2025\\\/11\\\/1000077956.jpg\",\"contentUrl\":\"https:\\\/\\\/www.jaba.dk\\\/wp-content\\\/uploads\\\/2025\\\/11\\\/1000077956.jpg\",\"width\":2490,\"height\":1505},{\"@type\":\"BreadcrumbList\",\"@id\":\"https:\\\/\\\/www.jaba.dk\\\/?page_id=475#breadcrumb\",\"itemListElement\":[{\"@type\":\"ListItem\",\"position\":1,\"name\":\"Hjem\",\"item\":\"https:\\\/\\\/www.jaba.dk\\\/\"},{\"@type\":\"ListItem\",\"position\":2,\"name\":\"R\u00e6kkehuse i Hasselager\"}]},{\"@type\":\"WebSite\",\"@id\":\"https:\\\/\\\/www.jaba.dk\\\/#website\",\"url\":\"https:\\\/\\\/www.jaba.dk\\\/\",\"name\":\"Jaba Ejendomme A\\\/S\",\"description\":\"\",\"publisher\":{\"@id\":\"https:\\\/\\\/www.jaba.dk\\\/#organization\"},\"potentialAction\":[{\"@type\":\"SearchAction\",\"target\":{\"@type\":\"EntryPoint\",\"urlTemplate\":\"https:\\\/\\\/www.jaba.dk\\\/?s={search_term_string}\"},\"query-input\":{\"@type\":\"PropertyValueSpecification\",\"valueRequired\":true,\"valueName\":\"search_term_string\"}}],\"inLanguage\":\"da-DK\"},{\"@type\":\"Organization\",\"@id\":\"https:\\\/\\\/www.jaba.dk\\\/#organization\",\"name\":\"Jaba Ejendomme A\\\/S\",\"url\":\"https:\\\/\\\/www.jaba.dk\\\/\",\"logo\":{\"@type\":\"ImageObject\",\"inLanguage\":\"da-DK\",\"@id\":\"https:\\\/\\\/www.jaba.dk\\\/#\\\/schema\\\/logo\\\/image\\\/\",\"url\":\"https:\\\/\\\/www.jaba.dk\\\/wp-content\\\/uploads\\\/2017\\\/01\\\/jabalog-3-2.jpg\",\"contentUrl\":\"https:\\\/\\\/www.jaba.dk\\\/wp-content\\\/uploads\\\/2017\\\/01\\\/jabalog-3-2.jpg\",\"width\":237,\"height\":86,\"caption\":\"Jaba Ejendomme A\\\/S\"},\"image\":{\"@id\":\"https:\\\/\\\/www.jaba.dk\\\/#\\\/schema\\\/logo\\\/image\\\/\"}}]}<\/script>\n<!-- \/ Yoast SEO plugin. -->","yoast_head_json":{"title":"R\u00e6kkehuse i Hasselager - Jaba Ejendomme A\/S","robots":{"index":"index","follow":"follow","max-snippet":"max-snippet:-1","max-image-preview":"max-image-preview:large","max-video-preview":"max-video-preview:-1"},"canonical":"https:\/\/www.jaba.dk\/?page_id=475","og_locale":"da_DK","og_type":"article","og_title":"R\u00e6kkehuse i Hasselager - Jaba Ejendomme A\/S","og_description":"Nyt r\u00e6kkehus projekt i Hasselager \u00e9t plans huse med indflytning i f\u00f8rste halv\u00e5r af 2026 I sommeren 2026 st\u00e5r vi klar med vores nye \u00e9t plans r\u00e6kkehuse placeret centralt i Hasselager p\u00e5 en stille vej med direkte adgang til stisystem og boldbaner, boligerne opf\u00f8res p\u00e5 en eksisterende grund med privatliv og masser af gr\u00f8nt omkring ... Read more","og_url":"https:\/\/www.jaba.dk\/?page_id=475","og_site_name":"Jaba Ejendomme A\/S","article_modified_time":"2025-11-03T12:18:18+00:00","og_image":[{"width":2490,"height":1505,"url":"https:\/\/www.jaba.dk\/wp-content\/uploads\/2025\/11\/1000077956.jpg","type":"image\/jpeg"}],"twitter_card":"summary_large_image","twitter_misc":{"Estimeret l\u00e6setid":"2 minutter"},"schema":{"@context":"https:\/\/schema.org","@graph":[{"@type":"WebPage","@id":"https:\/\/www.jaba.dk\/?page_id=475","url":"https:\/\/www.jaba.dk\/?page_id=475","name":"R\u00e6kkehuse i Hasselager - Jaba Ejendomme A\/S","isPartOf":{"@id":"https:\/\/www.jaba.dk\/#website"},"primaryImageOfPage":{"@id":"https:\/\/www.jaba.dk\/?page_id=475#primaryimage"},"image":{"@id":"https:\/\/www.jaba.dk\/?page_id=475#primaryimage"},"thumbnailUrl":"https:\/\/www.jaba.dk\/wp-content\/uploads\/2025\/11\/1000077956-1024x619.jpg","datePublished":"2025-05-26T11:21:59+00:00","dateModified":"2025-11-03T12:18:18+00:00","breadcrumb":{"@id":"https:\/\/www.jaba.dk\/?page_id=475#breadcrumb"},"inLanguage":"da-DK","potentialAction":[{"@type":"ReadAction","target":["https:\/\/www.jaba.dk\/?page_id=475"]}]},{"@type":"ImageObject","inLanguage":"da-DK","@id":"https:\/\/www.jaba.dk\/?page_id=475#primaryimage","url":"https:\/\/www.jaba.dk\/wp-content\/uploads\/2025\/11\/1000077956.jpg","contentUrl":"https:\/\/www.jaba.dk\/wp-content\/uploads\/2025\/11\/1000077956.jpg","width":2490,"height":1505},{"@type":"BreadcrumbList","@id":"https:\/\/www.jaba.dk\/?page_id=475#breadcrumb","itemListElement":[{"@type":"ListItem","position":1,"name":"Hjem","item":"https:\/\/www.jaba.dk\/"},{"@type":"ListItem","position":2,"name":"R\u00e6kkehuse i Hasselager"}]},{"@type":"WebSite","@id":"https:\/\/www.jaba.dk\/#website","url":"https:\/\/www.jaba.dk\/","name":"Jaba Ejendomme A\/S","description":"","publisher":{"@id":"https:\/\/www.jaba.dk\/#organization"},"potentialAction":[{"@type":"SearchAction","target":{"@type":"EntryPoint","urlTemplate":"https:\/\/www.jaba.dk\/?s={search_term_string}"},"query-input":{"@type":"PropertyValueSpecification","valueRequired":true,"valueName":"search_term_string"}}],"inLanguage":"da-DK"},{"@type":"Organization","@id":"https:\/\/www.jaba.dk\/#organization","name":"Jaba Ejendomme A\/S","url":"https:\/\/www.jaba.dk\/","logo":{"@type":"ImageObject","inLanguage":"da-DK","@id":"https:\/\/www.jaba.dk\/#\/schema\/logo\/image\/","url":"https:\/\/www.jaba.dk\/wp-content\/uploads\/2017\/01\/jabalog-3-2.jpg","contentUrl":"https:\/\/www.jaba.dk\/wp-content\/uploads\/2017\/01\/jabalog-3-2.jpg","width":237,"height":86,"caption":"Jaba Ejendomme A\/S"},"image":{"@id":"https:\/\/www.jaba.dk\/#\/schema\/logo\/image\/"}}]}},"_links":{"self":[{"href":"https:\/\/www.jaba.dk\/index.php?rest_route=\/wp\/v2\/pages\/475","targetHints":{"allow":["GET"]}}],"collection":[{"href":"https:\/\/www.jaba.dk\/index.php?rest_route=\/wp\/v2\/pages"}],"about":[{"href":"https:\/\/www.jaba.dk\/index.php?rest_route=\/wp\/v2\/types\/page"}],"author":[{"embeddable":true,"href":"https:\/\/www.jaba.dk\/index.php?rest_route=\/wp\/v2\/users\/1"}],"replies":[{"embeddable":true,"href":"https:\/\/www.jaba.dk\/index.php?rest_route=%2Fwp%2Fv2%2Fcomments&post=475"}],"version-history":[{"count":54,"href":"https:\/\/www.jaba.dk\/index.php?rest_route=\/wp\/v2\/pages\/475\/revisions"}],"predecessor-version":[{"id":580,"href":"https:\/\/www.jaba.dk\/index.php?rest_route=\/wp\/v2\/pages\/475\/revisions\/580"}],"wp:attachment":[{"href":"https:\/\/www.jaba.dk\/index.php?rest_route=%2Fwp%2Fv2%2Fmedia&parent=475"}],"curies":[{"name":"wp","href":"https:\/\/api.w.org\/{rel}","templated":true}]}}