{"id":45,"date":"2017-01-18T07:33:42","date_gmt":"2017-01-18T07:33:42","guid":{"rendered":"http:\/\/test.jaba.dk\/?page_id=45"},"modified":"2017-01-18T07:38:52","modified_gmt":"2017-01-18T07:38:52","slug":"ordens-reglement","status":"publish","type":"page","link":"https:\/\/www.jaba.dk\/?page_id=45","title":{"rendered":"Ordens reglement"},"content":{"rendered":"<h2>Ordens-Reglement<\/h2>\n<p>Affald<\/p>\n<p>Findes der i ejendommen affaldsskakt, m\u00e5 der til denne kun benyttes dertil egnede poser, som skal v\u00e6re forsvarligt lukkede, s\u00e5ledes at skakten ikke bliver forurenet. Intet affald m\u00e5 henkastes i g\u00e5rden eller anbringes noget andet sted end i de tilstedev\u00e6rende affaldsposer eller containere. Affald, som ikke fjernes med dagrenovationen uden ekstra betaling, skal lejeren fjerne for egen regning.<\/p>\n<p>Bad<\/p>\n<p>S\u00e5fremt der er badekar, m\u00e5 det kun benyttes til badning. Af hensyn til natteroen i ejendommen m\u00e5 vandhanerne, bortset fra hanerne i h\u00e5ndvaske, ikke benyttes mellem kl. 23 og kl. 06.<\/p>\n<p>B\u00f8rn<\/p>\n<p>B\u00f8rn m\u00e5 ikke lege eller st\u00f8je p\u00e5 trapper og gange. Lejeren skal drage omsorg for, at de hos ham boende eller i bes\u00f8g v\u00e6rende b\u00f8rn ikke ved st\u00f8jende adf\u00e6rd er til gene for de \u00f8vrige beboere.<\/p>\n<p>Cykler, barnevogne o.lign.<br \/>\nCykler, barne- og legevogne eller andet m\u00e5 ikke henstilles p\u00e5 ejendommens trapper, gange eller g\u00e5rd, og udlejeren kan uden ansvar lade s\u00e5danne genstande fjerne uden varsel.<\/p>\n<p>Fyrv\u00e6rkeri<\/p>\n<p>Fyrv\u00e6rkeri m\u00e5 ikke ant\u00e6ndes noget sted i ejendommen eller i denne tilh\u00f8rende g\u00e5rd eller plads og m\u00e5 heller ikke udkastes fra altaner eller vindue.<\/p>\n<p>Motork\u00f8ret\u00f8jer<\/p>\n<p>Motork\u00f8ret\u00f8jer m\u00e5 ikke henstilles s\u00e5ledes, at de generer ind- og udk\u00f8rslen for andre. Uindregistrerede motork\u00f8ret\u00f8jer m\u00e5 ikke henstilles p\u00e5 ejendommens areal. Benzin m\u00e5 ikke opbevares i det lejede, udover hvad der forefindes i motork\u00f8ret\u00f8jet.<\/p>\n<p>Musiceren<\/p>\n<p>Musiceren i erhvervs\u00f8jemed m\u00e5 ikke finde sted uden udlejerens skriftlige samtykke. Anden musiceren samt st\u00f8jende underholdning i \u00f8vrigt m\u00e5 kun ud\u00f8ves s\u00e5ledes, at den ikke er til gene for de \u00f8vrige beboere og aldrig efter kl. 23.<\/p>\n<p>St\u00f8j<\/p>\n<p>Vaskemaskiner og andre tekniske hj\u00e6lpemidler til lettelse for husf\u00f8relsen skal installeres s\u00e5ledes at de ikke ved st\u00f8j eller p\u00e5 anden m\u00e5de er til gene for ejendommen eller dens beboere. Brug af boremaskiner og anden st\u00f8jende v\u00e6rkt\u00f8j m\u00e5 ikke finde sted efter kl. 20.<\/p>\n<p>Vaskerum og t\u00f8jt\u00f8rring<br \/>\nVaskerummet m\u00e5 efter endt afbenyttelse g\u00f8re ryddeligt og rent. T\u00f8jt\u00f8rring m\u00e5 ikke finde sted fra vinduer, trapper eller altaner. T\u00f8rrerum skal afleveres i rengjort stand.<\/p>\n<p>WC-regler<\/p>\n<p>Der m\u00e5 kun benyttes toiletpapir i WC, og intet som kan tilstoppe afl\u00f8bet m\u00e5 kastes i WC-sk\u00e5len. S\u00e5fremt cisternen bliver ut\u00e6t, skal dette straks anmeldes til udlejeren eller dennes stedfortr\u00e6der.<\/p>\n","protected":false},"excerpt":{"rendered":"<p>Ordens-Reglement Affald Findes der i ejendommen affaldsskakt, m\u00e5 der til denne kun benyttes dertil egnede poser, som skal v\u00e6re forsvarligt lukkede, s\u00e5ledes at skakten ikke bliver forurenet. Intet affald m\u00e5 henkastes i g\u00e5rden eller anbringes noget andet sted end i de tilstedev\u00e6rende affaldsposer eller containere. Affald, som ikke fjernes med dagrenovationen uden ekstra betaling, skal &#8230; <a title=\"Ordens reglement\" class=\"read-more\" href=\"https:\/\/www.jaba.dk\/?page_id=45\">Read more<\/a><\/p>\n","protected":false},"author":1,"featured_media":0,"parent":0,"menu_order":0,"comment_status":"closed","ping_status":"closed","template":"","meta":{"generate_page_header":"","footnotes":""},"class_list":["post-45","page","type-page","status-publish"],"yoast_head":"<!-- This site is optimized with the Yoast SEO plugin v27.5 - https:\/\/yoast.com\/product\/yoast-seo-wordpress\/ -->\n<title>Ordens reglement - Jaba Ejendomme A\/S<\/title>\n<meta name=\"robots\" content=\"index, follow, max-snippet:-1, max-image-preview:large, max-video-preview:-1\" \/>\n<link rel=\"canonical\" href=\"https:\/\/www.jaba.dk\/?page_id=45\" \/>\n<meta property=\"og:locale\" content=\"da_DK\" \/>\n<meta property=\"og:type\" content=\"article\" \/>\n<meta property=\"og:title\" content=\"Ordens reglement - Jaba Ejendomme A\/S\" \/>\n<meta property=\"og:description\" content=\"Ordens-Reglement Affald Findes der i ejendommen affaldsskakt, m\u00e5 der til denne kun benyttes dertil egnede poser, som skal v\u00e6re forsvarligt lukkede, s\u00e5ledes at skakten ikke bliver forurenet. Intet affald m\u00e5 henkastes i g\u00e5rden eller anbringes noget andet sted end i de tilstedev\u00e6rende affaldsposer eller containere. Affald, som ikke fjernes med dagrenovationen uden ekstra betaling, skal ... Read more\" \/>\n<meta property=\"og:url\" content=\"https:\/\/www.jaba.dk\/?page_id=45\" \/>\n<meta property=\"og:site_name\" content=\"Jaba Ejendomme A\/S\" \/>\n<meta property=\"article:modified_time\" content=\"2017-01-18T07:38:52+00:00\" \/>\n<meta name=\"twitter:card\" content=\"summary_large_image\" \/>\n<meta name=\"twitter:label1\" content=\"Estimeret l\u00e6setid\" \/>\n\t<meta name=\"twitter:data1\" content=\"2 minutter\" \/>\n<script type=\"application\/ld+json\" class=\"yoast-schema-graph\">{\"@context\":\"https:\\\/\\\/schema.org\",\"@graph\":[{\"@type\":\"WebPage\",\"@id\":\"https:\\\/\\\/www.jaba.dk\\\/?page_id=45\",\"url\":\"https:\\\/\\\/www.jaba.dk\\\/?page_id=45\",\"name\":\"Ordens reglement - Jaba Ejendomme A\\\/S\",\"isPartOf\":{\"@id\":\"https:\\\/\\\/www.jaba.dk\\\/#website\"},\"datePublished\":\"2017-01-18T07:33:42+00:00\",\"dateModified\":\"2017-01-18T07:38:52+00:00\",\"breadcrumb\":{\"@id\":\"https:\\\/\\\/www.jaba.dk\\\/?page_id=45#breadcrumb\"},\"inLanguage\":\"da-DK\",\"potentialAction\":[{\"@type\":\"ReadAction\",\"target\":[\"https:\\\/\\\/www.jaba.dk\\\/?page_id=45\"]}]},{\"@type\":\"BreadcrumbList\",\"@id\":\"https:\\\/\\\/www.jaba.dk\\\/?page_id=45#breadcrumb\",\"itemListElement\":[{\"@type\":\"ListItem\",\"position\":1,\"name\":\"Hjem\",\"item\":\"https:\\\/\\\/www.jaba.dk\\\/\"},{\"@type\":\"ListItem\",\"position\":2,\"name\":\"Ordens reglement\"}]},{\"@type\":\"WebSite\",\"@id\":\"https:\\\/\\\/www.jaba.dk\\\/#website\",\"url\":\"https:\\\/\\\/www.jaba.dk\\\/\",\"name\":\"Jaba Ejendomme A\\\/S\",\"description\":\"\",\"publisher\":{\"@id\":\"https:\\\/\\\/www.jaba.dk\\\/#organization\"},\"potentialAction\":[{\"@type\":\"SearchAction\",\"target\":{\"@type\":\"EntryPoint\",\"urlTemplate\":\"https:\\\/\\\/www.jaba.dk\\\/?s={search_term_string}\"},\"query-input\":{\"@type\":\"PropertyValueSpecification\",\"valueRequired\":true,\"valueName\":\"search_term_string\"}}],\"inLanguage\":\"da-DK\"},{\"@type\":\"Organization\",\"@id\":\"https:\\\/\\\/www.jaba.dk\\\/#organization\",\"name\":\"Jaba Ejendomme A\\\/S\",\"url\":\"https:\\\/\\\/www.jaba.dk\\\/\",\"logo\":{\"@type\":\"ImageObject\",\"inLanguage\":\"da-DK\",\"@id\":\"https:\\\/\\\/www.jaba.dk\\\/#\\\/schema\\\/logo\\\/image\\\/\",\"url\":\"https:\\\/\\\/www.jaba.dk\\\/wp-content\\\/uploads\\\/2017\\\/01\\\/jabalog-3-2.jpg\",\"contentUrl\":\"https:\\\/\\\/www.jaba.dk\\\/wp-content\\\/uploads\\\/2017\\\/01\\\/jabalog-3-2.jpg\",\"width\":237,\"height\":86,\"caption\":\"Jaba Ejendomme A\\\/S\"},\"image\":{\"@id\":\"https:\\\/\\\/www.jaba.dk\\\/#\\\/schema\\\/logo\\\/image\\\/\"}}]}<\/script>\n<!-- \/ Yoast SEO plugin. -->","yoast_head_json":{"title":"Ordens reglement - Jaba Ejendomme A\/S","robots":{"index":"index","follow":"follow","max-snippet":"max-snippet:-1","max-image-preview":"max-image-preview:large","max-video-preview":"max-video-preview:-1"},"canonical":"https:\/\/www.jaba.dk\/?page_id=45","og_locale":"da_DK","og_type":"article","og_title":"Ordens reglement - Jaba Ejendomme A\/S","og_description":"Ordens-Reglement Affald Findes der i ejendommen affaldsskakt, m\u00e5 der til denne kun benyttes dertil egnede poser, som skal v\u00e6re forsvarligt lukkede, s\u00e5ledes at skakten ikke bliver forurenet. Intet affald m\u00e5 henkastes i g\u00e5rden eller anbringes noget andet sted end i de tilstedev\u00e6rende affaldsposer eller containere. Affald, som ikke fjernes med dagrenovationen uden ekstra betaling, skal ... Read more","og_url":"https:\/\/www.jaba.dk\/?page_id=45","og_site_name":"Jaba Ejendomme A\/S","article_modified_time":"2017-01-18T07:38:52+00:00","twitter_card":"summary_large_image","twitter_misc":{"Estimeret l\u00e6setid":"2 minutter"},"schema":{"@context":"https:\/\/schema.org","@graph":[{"@type":"WebPage","@id":"https:\/\/www.jaba.dk\/?page_id=45","url":"https:\/\/www.jaba.dk\/?page_id=45","name":"Ordens reglement - Jaba Ejendomme A\/S","isPartOf":{"@id":"https:\/\/www.jaba.dk\/#website"},"datePublished":"2017-01-18T07:33:42+00:00","dateModified":"2017-01-18T07:38:52+00:00","breadcrumb":{"@id":"https:\/\/www.jaba.dk\/?page_id=45#breadcrumb"},"inLanguage":"da-DK","potentialAction":[{"@type":"ReadAction","target":["https:\/\/www.jaba.dk\/?page_id=45"]}]},{"@type":"BreadcrumbList","@id":"https:\/\/www.jaba.dk\/?page_id=45#breadcrumb","itemListElement":[{"@type":"ListItem","position":1,"name":"Hjem","item":"https:\/\/www.jaba.dk\/"},{"@type":"ListItem","position":2,"name":"Ordens reglement"}]},{"@type":"WebSite","@id":"https:\/\/www.jaba.dk\/#website","url":"https:\/\/www.jaba.dk\/","name":"Jaba Ejendomme A\/S","description":"","publisher":{"@id":"https:\/\/www.jaba.dk\/#organization"},"potentialAction":[{"@type":"SearchAction","target":{"@type":"EntryPoint","urlTemplate":"https:\/\/www.jaba.dk\/?s={search_term_string}"},"query-input":{"@type":"PropertyValueSpecification","valueRequired":true,"valueName":"search_term_string"}}],"inLanguage":"da-DK"},{"@type":"Organization","@id":"https:\/\/www.jaba.dk\/#organization","name":"Jaba Ejendomme A\/S","url":"https:\/\/www.jaba.dk\/","logo":{"@type":"ImageObject","inLanguage":"da-DK","@id":"https:\/\/www.jaba.dk\/#\/schema\/logo\/image\/","url":"https:\/\/www.jaba.dk\/wp-content\/uploads\/2017\/01\/jabalog-3-2.jpg","contentUrl":"https:\/\/www.jaba.dk\/wp-content\/uploads\/2017\/01\/jabalog-3-2.jpg","width":237,"height":86,"caption":"Jaba Ejendomme A\/S"},"image":{"@id":"https:\/\/www.jaba.dk\/#\/schema\/logo\/image\/"}}]}},"_links":{"self":[{"href":"https:\/\/www.jaba.dk\/index.php?rest_route=\/wp\/v2\/pages\/45","targetHints":{"allow":["GET"]}}],"collection":[{"href":"https:\/\/www.jaba.dk\/index.php?rest_route=\/wp\/v2\/pages"}],"about":[{"href":"https:\/\/www.jaba.dk\/index.php?rest_route=\/wp\/v2\/types\/page"}],"author":[{"embeddable":true,"href":"https:\/\/www.jaba.dk\/index.php?rest_route=\/wp\/v2\/users\/1"}],"replies":[{"embeddable":true,"href":"https:\/\/www.jaba.dk\/index.php?rest_route=%2Fwp%2Fv2%2Fcomments&post=45"}],"version-history":[{"count":2,"href":"https:\/\/www.jaba.dk\/index.php?rest_route=\/wp\/v2\/pages\/45\/revisions"}],"predecessor-version":[{"id":55,"href":"https:\/\/www.jaba.dk\/index.php?rest_route=\/wp\/v2\/pages\/45\/revisions\/55"}],"wp:attachment":[{"href":"https:\/\/www.jaba.dk\/index.php?rest_route=%2Fwp%2Fv2%2Fmedia&parent=45"}],"curies":[{"name":"wp","href":"https:\/\/api.w.org\/{rel}","templated":true}]}}