{"id":26,"date":"2017-01-18T07:09:07","date_gmt":"2017-01-18T07:09:07","guid":{"rendered":"http:\/\/test.jaba.dk\/?page_id=26"},"modified":"2017-01-21T16:50:31","modified_gmt":"2017-01-21T16:50:31","slug":"fejlmelding","status":"publish","type":"page","link":"https:\/\/www.jaba.dk\/?page_id=26","title":{"rendered":"Kontaktformular"},"content":{"rendered":"<p><img decoding=\"async\" class=\"wp-image-70 alignright\" src=\"http:\/\/test.jaba.dk\/wp-content\/uploads\/2017\/01\/house-repair-carpenter-builder-512-300x300.png\" alt=\"\" width=\"83\" height=\"83\" srcset=\"https:\/\/www.jaba.dk\/wp-content\/uploads\/2017\/01\/house-repair-carpenter-builder-512-300x300.png 300w, https:\/\/www.jaba.dk\/wp-content\/uploads\/2017\/01\/house-repair-carpenter-builder-512-150x150.png 150w, https:\/\/www.jaba.dk\/wp-content\/uploads\/2017\/01\/house-repair-carpenter-builder-512.png 512w\" sizes=\"(max-width: 83px) 100vw, 83px\" \/><br \/>\nHvis du har en defekt, kan du udfylde nedenst\u00e5ende formular.<br \/>\nBeskriv problemet s\u00e5 udf\u00f8rligt som muligt, f.eks. &#8220;blandingsbatteri i k\u00f8kken drypper\/l\u00f8ber\/er ut\u00e6t, og om muligt oplyse fabrikat og vedh\u00e6ft foto.<\/p>\n<p>Ved h\u00e5rde hvidevarer bedes du tage et billede af typepladen hvis dette er muligt.<br \/>\nVed akut opst\u00e5ede problemer kan du kontakte os p\u00e5 telefon i \u00e5bningstiden, uden for denne bedes du kontakte ejendommens vicev\u00e6rt.<\/p>\n<p>&nbsp;<\/p>\n\n<div class=\"wpcf7 no-js\" id=\"wpcf7-f22-o1\" lang=\"da-DK\" dir=\"ltr\" data-wpcf7-id=\"22\">\n<div class=\"screen-reader-response\"><p role=\"status\" aria-live=\"polite\" aria-atomic=\"true\"><\/p> <ul><\/ul><\/div>\n<form action=\"\/index.php?rest_route=%2Fwp%2Fv2%2Fpages%2F26#wpcf7-f22-o1\" method=\"post\" class=\"wpcf7-form init\" aria-label=\"Kontaktformular\" enctype=\"multipart\/form-data\" novalidate=\"novalidate\" data-status=\"init\">\n<fieldset class=\"hidden-fields-container\"><input type=\"hidden\" name=\"_wpcf7\" value=\"22\" \/><input type=\"hidden\" name=\"_wpcf7_version\" value=\"6.1.5\" \/><input type=\"hidden\" name=\"_wpcf7_locale\" value=\"da_DK\" \/><input type=\"hidden\" name=\"_wpcf7_unit_tag\" value=\"wpcf7-f22-o1\" \/><input type=\"hidden\" name=\"_wpcf7_container_post\" value=\"0\" \/><input type=\"hidden\" name=\"_wpcf7_posted_data_hash\" value=\"\" \/><input type=\"hidden\" name=\"_wpcf7_recaptcha_response\" value=\"\" \/>\n<\/fieldset>\n<p>V\u00e6lg ejendom *<br \/>\n<span class=\"wpcf7-form-control-wrap\" data-name=\"menu-505\"><select class=\"wpcf7-form-control wpcf7-select wpcf7-validates-as-required\" aria-required=\"true\" aria-invalid=\"false\" name=\"menu-505\"><option value=\"\">&#8212;V\u00e6lg venligst en mulighed&#8212;<\/option><option value=\"Bogensegade 15, 8000 Aarhus C\">Bogensegade 15, 8000 Aarhus C<\/option><option value=\"Christen K\u00f8bkes Gade 10, 8000 Aarhus C\">Christen K\u00f8bkes Gade 10, 8000 Aarhus C<\/option><option value=\"Christian W\u00e6rumsgade 18, 8000 Aarhus C\">Christian W\u00e6rumsgade 18, 8000 Aarhus C<\/option><option value=\"Tousvej 97, 8230 \u00c5byh\u00f8j\">Tousvej 97, 8230 \u00c5byh\u00f8j<\/option><option value=\"Tousvej 99, 8230 \u00c5byh\u00f8j\">Tousvej 99, 8230 \u00c5byh\u00f8j<\/option><option value=\"Vestre Ringgade 62, 8000 Aarhus C\">Vestre Ringgade 62, 8000 Aarhus C<\/option><option value=\"\u00c5lborggade 24, 8000 Aarhus C\">\u00c5lborggade 24, 8000 Aarhus C<\/option><option value=\"Viborgvej 29, 8000 Aarhus C\">Viborgvej 29, 8000 Aarhus C<\/option><\/select><\/span>\n<\/p>\n<p><label> Etage \/ Side *<br \/>\n<span class=\"wpcf7-form-control-wrap\" data-name=\"text-675\"><input size=\"40\" maxlength=\"400\" class=\"wpcf7-form-control wpcf7-text wpcf7-validates-as-required\" aria-required=\"true\" aria-invalid=\"false\" value=\"\" type=\"text\" name=\"text-675\" \/><\/span><br \/>\n<\/label><label> Dit navn *<br \/>\n<span class=\"wpcf7-form-control-wrap\" data-name=\"your-name\"><input size=\"40\" maxlength=\"400\" class=\"wpcf7-form-control wpcf7-text wpcf7-validates-as-required\" aria-required=\"true\" aria-invalid=\"false\" value=\"\" type=\"text\" name=\"your-name\" \/><\/span><br \/>\n<\/label><label> Din e-mail *<br \/>\n<span class=\"wpcf7-form-control-wrap\" data-name=\"your-email\"><input size=\"40\" maxlength=\"400\" class=\"wpcf7-form-control wpcf7-email wpcf7-validates-as-required wpcf7-text wpcf7-validates-as-email\" aria-required=\"true\" aria-invalid=\"false\" value=\"\" type=\"email\" name=\"your-email\" \/><\/span><br \/>\n<\/label><label> Dit telefonnummer *<br \/>\n<span class=\"wpcf7-form-control-wrap\" data-name=\"tel-209\"><input size=\"40\" maxlength=\"400\" class=\"wpcf7-form-control wpcf7-tel wpcf7-validates-as-required wpcf7-text wpcf7-validates-as-tel\" aria-required=\"true\" aria-invalid=\"false\" value=\"\" type=\"tel\" name=\"tel-209\" \/><\/span><br \/>\n<\/label><label> Emne<br \/>\n<span class=\"wpcf7-form-control-wrap\" data-name=\"your-subject\"><input size=\"40\" maxlength=\"400\" class=\"wpcf7-form-control wpcf7-text\" aria-invalid=\"false\" value=\"\" type=\"text\" name=\"your-subject\" \/><\/span><br \/>\n<\/label><label> Din besked<br \/>\n<span class=\"wpcf7-form-control-wrap\" data-name=\"your-message\"><textarea cols=\"40\" rows=\"10\" maxlength=\"2000\" class=\"wpcf7-form-control wpcf7-textarea\" aria-invalid=\"false\" name=\"your-message\"><\/textarea><\/span><br \/>\n<\/label><label> M\u00e5 vores h\u00e5ndv\u00e6rker benytte hovedn\u00f8gle til adgang, hvis du ikke er hjemme? *<br \/>\n<span class=\"wpcf7-form-control-wrap\" data-name=\"radio-884\"><span class=\"wpcf7-form-control wpcf7-radio\"><span class=\"wpcf7-list-item first\"><label><span class=\"wpcf7-list-item-label\">Ja<\/span><input type=\"radio\" name=\"radio-884\" value=\"Ja\" checked=\"checked\" \/><\/label><\/span><span class=\"wpcf7-list-item last\"><label><span class=\"wpcf7-list-item-label\">Nej<\/span><input type=\"radio\" name=\"radio-884\" value=\"Nej\" \/><\/label><\/span><\/span><\/span><br \/>\n<\/label><label> Vedh\u00e6ft foto<br \/>\n<span class=\"wpcf7-form-control-wrap\" data-name=\"file-94\"><input size=\"40\" class=\"wpcf7-form-control wpcf7-file\" accept=\"audio\/*,video\/*,image\/*\" aria-invalid=\"false\" type=\"file\" name=\"file-94\" \/><\/span><br \/>\n<input class=\"wpcf7-form-control wpcf7-submit has-spinner\" type=\"submit\" value=\"Send\" \/><br \/>\n* Skal udfyldes<\/label>\n<\/p><div class=\"wpcf7-response-output\" aria-hidden=\"true\"><\/div>\n<\/form>\n<\/div>\n\n","protected":false},"excerpt":{"rendered":"<p>Hvis du har en defekt, kan du udfylde nedenst\u00e5ende formular. Beskriv problemet s\u00e5 udf\u00f8rligt som muligt, f.eks. &#8220;blandingsbatteri i k\u00f8kken drypper\/l\u00f8ber\/er ut\u00e6t, og om muligt oplyse fabrikat og vedh\u00e6ft foto. Ved h\u00e5rde hvidevarer bedes du tage et billede af typepladen hvis dette er muligt. Ved akut opst\u00e5ede problemer kan du kontakte os p\u00e5 telefon i &#8230; <a title=\"Kontaktformular\" class=\"read-more\" href=\"https:\/\/www.jaba.dk\/?page_id=26\">Read more<\/a><\/p>\n","protected":false},"author":1,"featured_media":0,"parent":0,"menu_order":0,"comment_status":"closed","ping_status":"closed","template":"","meta":{"generate_page_header":"","footnotes":""},"class_list":["post-26","page","type-page","status-publish"],"yoast_head":"<!-- This site is optimized with the Yoast SEO plugin v27.5 - https:\/\/yoast.com\/product\/yoast-seo-wordpress\/ -->\n<title>Kontaktformular - Jaba Ejendomme A\/S<\/title>\n<meta name=\"robots\" content=\"index, follow, max-snippet:-1, max-image-preview:large, max-video-preview:-1\" \/>\n<link rel=\"canonical\" href=\"https:\/\/www.jaba.dk\/?page_id=26\" \/>\n<meta property=\"og:locale\" content=\"da_DK\" \/>\n<meta property=\"og:type\" content=\"article\" \/>\n<meta property=\"og:title\" content=\"Kontaktformular - Jaba Ejendomme A\/S\" \/>\n<meta property=\"og:description\" content=\"Hvis du har en defekt, kan du udfylde nedenst\u00e5ende formular. Beskriv problemet s\u00e5 udf\u00f8rligt som muligt, f.eks. &#8220;blandingsbatteri i k\u00f8kken drypper\/l\u00f8ber\/er ut\u00e6t, og om muligt oplyse fabrikat og vedh\u00e6ft foto. Ved h\u00e5rde hvidevarer bedes du tage et billede af typepladen hvis dette er muligt. Ved akut opst\u00e5ede problemer kan du kontakte os p\u00e5 telefon i ... Read more\" \/>\n<meta property=\"og:url\" content=\"https:\/\/www.jaba.dk\/?page_id=26\" \/>\n<meta property=\"og:site_name\" content=\"Jaba Ejendomme A\/S\" \/>\n<meta property=\"article:modified_time\" content=\"2017-01-21T16:50:31+00:00\" \/>\n<meta property=\"og:image\" content=\"http:\/\/test.jaba.dk\/wp-content\/uploads\/2017\/01\/house-repair-carpenter-builder-512-300x300.png\" \/>\n<meta name=\"twitter:card\" content=\"summary_large_image\" \/>\n<script type=\"application\/ld+json\" class=\"yoast-schema-graph\">{\"@context\":\"https:\\\/\\\/schema.org\",\"@graph\":[{\"@type\":\"WebPage\",\"@id\":\"https:\\\/\\\/www.jaba.dk\\\/?page_id=26\",\"url\":\"https:\\\/\\\/www.jaba.dk\\\/?page_id=26\",\"name\":\"Kontaktformular - Jaba Ejendomme A\\\/S\",\"isPartOf\":{\"@id\":\"https:\\\/\\\/www.jaba.dk\\\/#website\"},\"primaryImageOfPage\":{\"@id\":\"https:\\\/\\\/www.jaba.dk\\\/?page_id=26#primaryimage\"},\"image\":{\"@id\":\"https:\\\/\\\/www.jaba.dk\\\/?page_id=26#primaryimage\"},\"thumbnailUrl\":\"http:\\\/\\\/test.jaba.dk\\\/wp-content\\\/uploads\\\/2017\\\/01\\\/house-repair-carpenter-builder-512-300x300.png\",\"datePublished\":\"2017-01-18T07:09:07+00:00\",\"dateModified\":\"2017-01-21T16:50:31+00:00\",\"breadcrumb\":{\"@id\":\"https:\\\/\\\/www.jaba.dk\\\/?page_id=26#breadcrumb\"},\"inLanguage\":\"da-DK\",\"potentialAction\":[{\"@type\":\"ReadAction\",\"target\":[\"https:\\\/\\\/www.jaba.dk\\\/?page_id=26\"]}]},{\"@type\":\"ImageObject\",\"inLanguage\":\"da-DK\",\"@id\":\"https:\\\/\\\/www.jaba.dk\\\/?page_id=26#primaryimage\",\"url\":\"http:\\\/\\\/test.jaba.dk\\\/wp-content\\\/uploads\\\/2017\\\/01\\\/house-repair-carpenter-builder-512-300x300.png\",\"contentUrl\":\"http:\\\/\\\/test.jaba.dk\\\/wp-content\\\/uploads\\\/2017\\\/01\\\/house-repair-carpenter-builder-512-300x300.png\"},{\"@type\":\"BreadcrumbList\",\"@id\":\"https:\\\/\\\/www.jaba.dk\\\/?page_id=26#breadcrumb\",\"itemListElement\":[{\"@type\":\"ListItem\",\"position\":1,\"name\":\"Hjem\",\"item\":\"https:\\\/\\\/www.jaba.dk\\\/\"},{\"@type\":\"ListItem\",\"position\":2,\"name\":\"Kontaktformular\"}]},{\"@type\":\"WebSite\",\"@id\":\"https:\\\/\\\/www.jaba.dk\\\/#website\",\"url\":\"https:\\\/\\\/www.jaba.dk\\\/\",\"name\":\"Jaba Ejendomme A\\\/S\",\"description\":\"\",\"publisher\":{\"@id\":\"https:\\\/\\\/www.jaba.dk\\\/#organization\"},\"potentialAction\":[{\"@type\":\"SearchAction\",\"target\":{\"@type\":\"EntryPoint\",\"urlTemplate\":\"https:\\\/\\\/www.jaba.dk\\\/?s={search_term_string}\"},\"query-input\":{\"@type\":\"PropertyValueSpecification\",\"valueRequired\":true,\"valueName\":\"search_term_string\"}}],\"inLanguage\":\"da-DK\"},{\"@type\":\"Organization\",\"@id\":\"https:\\\/\\\/www.jaba.dk\\\/#organization\",\"name\":\"Jaba Ejendomme A\\\/S\",\"url\":\"https:\\\/\\\/www.jaba.dk\\\/\",\"logo\":{\"@type\":\"ImageObject\",\"inLanguage\":\"da-DK\",\"@id\":\"https:\\\/\\\/www.jaba.dk\\\/#\\\/schema\\\/logo\\\/image\\\/\",\"url\":\"https:\\\/\\\/www.jaba.dk\\\/wp-content\\\/uploads\\\/2017\\\/01\\\/jabalog-3-2.jpg\",\"contentUrl\":\"https:\\\/\\\/www.jaba.dk\\\/wp-content\\\/uploads\\\/2017\\\/01\\\/jabalog-3-2.jpg\",\"width\":237,\"height\":86,\"caption\":\"Jaba Ejendomme A\\\/S\"},\"image\":{\"@id\":\"https:\\\/\\\/www.jaba.dk\\\/#\\\/schema\\\/logo\\\/image\\\/\"}}]}<\/script>\n<!-- \/ Yoast SEO plugin. -->","yoast_head_json":{"title":"Kontaktformular - Jaba Ejendomme A\/S","robots":{"index":"index","follow":"follow","max-snippet":"max-snippet:-1","max-image-preview":"max-image-preview:large","max-video-preview":"max-video-preview:-1"},"canonical":"https:\/\/www.jaba.dk\/?page_id=26","og_locale":"da_DK","og_type":"article","og_title":"Kontaktformular - Jaba Ejendomme A\/S","og_description":"Hvis du har en defekt, kan du udfylde nedenst\u00e5ende formular. Beskriv problemet s\u00e5 udf\u00f8rligt som muligt, f.eks. &#8220;blandingsbatteri i k\u00f8kken drypper\/l\u00f8ber\/er ut\u00e6t, og om muligt oplyse fabrikat og vedh\u00e6ft foto. Ved h\u00e5rde hvidevarer bedes du tage et billede af typepladen hvis dette er muligt. Ved akut opst\u00e5ede problemer kan du kontakte os p\u00e5 telefon i ... Read more","og_url":"https:\/\/www.jaba.dk\/?page_id=26","og_site_name":"Jaba Ejendomme A\/S","article_modified_time":"2017-01-21T16:50:31+00:00","og_image":[{"url":"http:\/\/test.jaba.dk\/wp-content\/uploads\/2017\/01\/house-repair-carpenter-builder-512-300x300.png","type":"","width":"","height":""}],"twitter_card":"summary_large_image","schema":{"@context":"https:\/\/schema.org","@graph":[{"@type":"WebPage","@id":"https:\/\/www.jaba.dk\/?page_id=26","url":"https:\/\/www.jaba.dk\/?page_id=26","name":"Kontaktformular - Jaba Ejendomme A\/S","isPartOf":{"@id":"https:\/\/www.jaba.dk\/#website"},"primaryImageOfPage":{"@id":"https:\/\/www.jaba.dk\/?page_id=26#primaryimage"},"image":{"@id":"https:\/\/www.jaba.dk\/?page_id=26#primaryimage"},"thumbnailUrl":"http:\/\/test.jaba.dk\/wp-content\/uploads\/2017\/01\/house-repair-carpenter-builder-512-300x300.png","datePublished":"2017-01-18T07:09:07+00:00","dateModified":"2017-01-21T16:50:31+00:00","breadcrumb":{"@id":"https:\/\/www.jaba.dk\/?page_id=26#breadcrumb"},"inLanguage":"da-DK","potentialAction":[{"@type":"ReadAction","target":["https:\/\/www.jaba.dk\/?page_id=26"]}]},{"@type":"ImageObject","inLanguage":"da-DK","@id":"https:\/\/www.jaba.dk\/?page_id=26#primaryimage","url":"http:\/\/test.jaba.dk\/wp-content\/uploads\/2017\/01\/house-repair-carpenter-builder-512-300x300.png","contentUrl":"http:\/\/test.jaba.dk\/wp-content\/uploads\/2017\/01\/house-repair-carpenter-builder-512-300x300.png"},{"@type":"BreadcrumbList","@id":"https:\/\/www.jaba.dk\/?page_id=26#breadcrumb","itemListElement":[{"@type":"ListItem","position":1,"name":"Hjem","item":"https:\/\/www.jaba.dk\/"},{"@type":"ListItem","position":2,"name":"Kontaktformular"}]},{"@type":"WebSite","@id":"https:\/\/www.jaba.dk\/#website","url":"https:\/\/www.jaba.dk\/","name":"Jaba Ejendomme A\/S","description":"","publisher":{"@id":"https:\/\/www.jaba.dk\/#organization"},"potentialAction":[{"@type":"SearchAction","target":{"@type":"EntryPoint","urlTemplate":"https:\/\/www.jaba.dk\/?s={search_term_string}"},"query-input":{"@type":"PropertyValueSpecification","valueRequired":true,"valueName":"search_term_string"}}],"inLanguage":"da-DK"},{"@type":"Organization","@id":"https:\/\/www.jaba.dk\/#organization","name":"Jaba Ejendomme A\/S","url":"https:\/\/www.jaba.dk\/","logo":{"@type":"ImageObject","inLanguage":"da-DK","@id":"https:\/\/www.jaba.dk\/#\/schema\/logo\/image\/","url":"https:\/\/www.jaba.dk\/wp-content\/uploads\/2017\/01\/jabalog-3-2.jpg","contentUrl":"https:\/\/www.jaba.dk\/wp-content\/uploads\/2017\/01\/jabalog-3-2.jpg","width":237,"height":86,"caption":"Jaba Ejendomme A\/S"},"image":{"@id":"https:\/\/www.jaba.dk\/#\/schema\/logo\/image\/"}}]}},"_links":{"self":[{"href":"https:\/\/www.jaba.dk\/index.php?rest_route=\/wp\/v2\/pages\/26","targetHints":{"allow":["GET"]}}],"collection":[{"href":"https:\/\/www.jaba.dk\/index.php?rest_route=\/wp\/v2\/pages"}],"about":[{"href":"https:\/\/www.jaba.dk\/index.php?rest_route=\/wp\/v2\/types\/page"}],"author":[{"embeddable":true,"href":"https:\/\/www.jaba.dk\/index.php?rest_route=\/wp\/v2\/users\/1"}],"replies":[{"embeddable":true,"href":"https:\/\/www.jaba.dk\/index.php?rest_route=%2Fwp%2Fv2%2Fcomments&post=26"}],"version-history":[{"count":16,"href":"https:\/\/www.jaba.dk\/index.php?rest_route=\/wp\/v2\/pages\/26\/revisions"}],"predecessor-version":[{"id":109,"href":"https:\/\/www.jaba.dk\/index.php?rest_route=\/wp\/v2\/pages\/26\/revisions\/109"}],"wp:attachment":[{"href":"https:\/\/www.jaba.dk\/index.php?rest_route=%2Fwp%2Fv2%2Fmedia&parent=26"}],"curies":[{"name":"wp","href":"https:\/\/api.w.org\/{rel}","templated":true}]}}