{"id":238,"date":"2018-03-15T17:55:26","date_gmt":"2018-03-15T17:55:26","guid":{"rendered":"https:\/\/www.jaba.dk\/?page_id=238"},"modified":"2018-03-15T18:28:20","modified_gmt":"2018-03-15T18:28:20","slug":"bogensegade","status":"publish","type":"page","link":"https:\/\/www.jaba.dk\/?page_id=238","title":{"rendered":"Bogensegade"},"content":{"rendered":"<p>Ejendommen best\u00e5r af 10 stk. 2 v\u00e6relses lejligheder p\u00e5 56-58 m2 og 2 stk. hyggelige 1 v\u00e6relses kvistlejligheder p\u00e5 46 m2 med hems.<\/p>\n<p><a href=\"https:\/\/www.jaba.dk\/wp-content\/uploads\/2018\/03\/rsz_udsigt_have.jpg\"><img fetchpriority=\"high\" decoding=\"async\" class=\"alignnone size-large wp-image-245\" src=\"https:\/\/www.jaba.dk\/wp-content\/uploads\/2018\/03\/rsz_udsigt_have-1024x683.jpg\" alt=\"\" width=\"1024\" height=\"683\" srcset=\"https:\/\/www.jaba.dk\/wp-content\/uploads\/2018\/03\/rsz_udsigt_have-1024x683.jpg 1024w, https:\/\/www.jaba.dk\/wp-content\/uploads\/2018\/03\/rsz_udsigt_have-300x200.jpg 300w, https:\/\/www.jaba.dk\/wp-content\/uploads\/2018\/03\/rsz_udsigt_have-768x512.jpg 768w, https:\/\/www.jaba.dk\/wp-content\/uploads\/2018\/03\/rsz_udsigt_have.jpg 1500w\" sizes=\"(max-width: 1024px) 100vw, 1024px\" \/><\/a><\/p>\n<p><a href=\"https:\/\/www.jaba.dk\/wp-content\/uploads\/2018\/03\/rsz_opgang.jpg\"><img decoding=\"async\" class=\"alignnone size-large wp-image-247\" src=\"https:\/\/www.jaba.dk\/wp-content\/uploads\/2018\/03\/rsz_opgang-1024x683.jpg\" alt=\"\" width=\"1024\" height=\"683\" srcset=\"https:\/\/www.jaba.dk\/wp-content\/uploads\/2018\/03\/rsz_opgang-1024x683.jpg 1024w, https:\/\/www.jaba.dk\/wp-content\/uploads\/2018\/03\/rsz_opgang-300x200.jpg 300w, https:\/\/www.jaba.dk\/wp-content\/uploads\/2018\/03\/rsz_opgang-768x512.jpg 768w, https:\/\/www.jaba.dk\/wp-content\/uploads\/2018\/03\/rsz_opgang.jpg 1500w\" sizes=\"(max-width: 1024px) 100vw, 1024px\" \/><\/a><\/p>\n<p><a href=\"https:\/\/www.jaba.dk\/wp-content\/uploads\/2018\/03\/rsz_k\u00f8kken_1.jpg\"><img decoding=\"async\" class=\"alignnone size-large wp-image-248\" src=\"https:\/\/www.jaba.dk\/wp-content\/uploads\/2018\/03\/rsz_k\u00f8kken_1-1024x683.jpg\" alt=\"\" width=\"1024\" height=\"683\" srcset=\"https:\/\/www.jaba.dk\/wp-content\/uploads\/2018\/03\/rsz_k\u00f8kken_1-1024x683.jpg 1024w, https:\/\/www.jaba.dk\/wp-content\/uploads\/2018\/03\/rsz_k\u00f8kken_1-300x200.jpg 300w, https:\/\/www.jaba.dk\/wp-content\/uploads\/2018\/03\/rsz_k\u00f8kken_1-768x512.jpg 768w, https:\/\/www.jaba.dk\/wp-content\/uploads\/2018\/03\/rsz_k\u00f8kken_1.jpg 1500w\" sizes=\"(max-width: 1024px) 100vw, 1024px\" \/><\/a><\/p>\n<p><a href=\"https:\/\/www.jaba.dk\/wp-content\/uploads\/2018\/03\/rsz_sove_1.jpg\"><img loading=\"lazy\" decoding=\"async\" class=\"alignnone size-large wp-image-249\" src=\"https:\/\/www.jaba.dk\/wp-content\/uploads\/2018\/03\/rsz_sove_1-1024x683.jpg\" alt=\"\" width=\"1024\" height=\"683\" srcset=\"https:\/\/www.jaba.dk\/wp-content\/uploads\/2018\/03\/rsz_sove_1-1024x683.jpg 1024w, https:\/\/www.jaba.dk\/wp-content\/uploads\/2018\/03\/rsz_sove_1-300x200.jpg 300w, https:\/\/www.jaba.dk\/wp-content\/uploads\/2018\/03\/rsz_sove_1-768x512.jpg 768w, https:\/\/www.jaba.dk\/wp-content\/uploads\/2018\/03\/rsz_sove_1.jpg 1500w\" sizes=\"(max-width: 1024px) 100vw, 1024px\" \/><\/a><\/p>\n<p>&nbsp;<\/p>\n<p>&nbsp;<\/p>\n<p>&nbsp;<\/p>\n<p>&nbsp;<\/p>\n<p>&nbsp;<\/p>\n<p>&nbsp;<\/p>\n","protected":false},"excerpt":{"rendered":"<p>Ejendommen best\u00e5r af 10 stk. 2 v\u00e6relses lejligheder p\u00e5 56-58 m2 og 2 stk. hyggelige 1 v\u00e6relses kvistlejligheder p\u00e5 46 m2 med hems. &nbsp; &nbsp; &nbsp; &nbsp; &nbsp; &nbsp;<\/p>\n","protected":false},"author":1,"featured_media":0,"parent":0,"menu_order":0,"comment_status":"closed","ping_status":"closed","template":"","meta":{"generate_page_header":"","footnotes":""},"class_list":["post-238","page","type-page","status-publish"],"yoast_head":"<!-- This site is optimized with the Yoast SEO plugin v27.3 - https:\/\/yoast.com\/product\/yoast-seo-wordpress\/ -->\n<title>Bogensegade - Jaba Ejendomme A\/S<\/title>\n<meta name=\"robots\" content=\"index, follow, max-snippet:-1, max-image-preview:large, max-video-preview:-1\" \/>\n<link rel=\"canonical\" href=\"https:\/\/www.jaba.dk\/?page_id=238\" \/>\n<meta property=\"og:locale\" content=\"da_DK\" \/>\n<meta property=\"og:type\" content=\"article\" \/>\n<meta property=\"og:title\" content=\"Bogensegade - Jaba Ejendomme A\/S\" \/>\n<meta property=\"og:description\" content=\"Ejendommen best\u00e5r af 10 stk. 2 v\u00e6relses lejligheder p\u00e5 56-58 m2 og 2 stk. hyggelige 1 v\u00e6relses kvistlejligheder p\u00e5 46 m2 med hems. &nbsp; &nbsp; &nbsp; &nbsp; &nbsp; &nbsp;\" \/>\n<meta property=\"og:url\" content=\"https:\/\/www.jaba.dk\/?page_id=238\" \/>\n<meta property=\"og:site_name\" content=\"Jaba Ejendomme A\/S\" \/>\n<meta property=\"article:modified_time\" content=\"2018-03-15T18:28:20+00:00\" \/>\n<meta property=\"og:image\" content=\"https:\/\/www.jaba.dk\/wp-content\/uploads\/2018\/03\/rsz_udsigt_have-1024x683.jpg\" \/>\n<meta name=\"twitter:card\" content=\"summary_large_image\" \/>\n<script type=\"application\/ld+json\" class=\"yoast-schema-graph\">{\"@context\":\"https:\\\/\\\/schema.org\",\"@graph\":[{\"@type\":\"WebPage\",\"@id\":\"https:\\\/\\\/www.jaba.dk\\\/?page_id=238\",\"url\":\"https:\\\/\\\/www.jaba.dk\\\/?page_id=238\",\"name\":\"Bogensegade - Jaba Ejendomme A\\\/S\",\"isPartOf\":{\"@id\":\"https:\\\/\\\/www.jaba.dk\\\/#website\"},\"primaryImageOfPage\":{\"@id\":\"https:\\\/\\\/www.jaba.dk\\\/?page_id=238#primaryimage\"},\"image\":{\"@id\":\"https:\\\/\\\/www.jaba.dk\\\/?page_id=238#primaryimage\"},\"thumbnailUrl\":\"https:\\\/\\\/www.jaba.dk\\\/wp-content\\\/uploads\\\/2018\\\/03\\\/rsz_udsigt_have-1024x683.jpg\",\"datePublished\":\"2018-03-15T17:55:26+00:00\",\"dateModified\":\"2018-03-15T18:28:20+00:00\",\"breadcrumb\":{\"@id\":\"https:\\\/\\\/www.jaba.dk\\\/?page_id=238#breadcrumb\"},\"inLanguage\":\"da-DK\",\"potentialAction\":[{\"@type\":\"ReadAction\",\"target\":[\"https:\\\/\\\/www.jaba.dk\\\/?page_id=238\"]}]},{\"@type\":\"ImageObject\",\"inLanguage\":\"da-DK\",\"@id\":\"https:\\\/\\\/www.jaba.dk\\\/?page_id=238#primaryimage\",\"url\":\"https:\\\/\\\/www.jaba.dk\\\/wp-content\\\/uploads\\\/2018\\\/03\\\/rsz_udsigt_have.jpg\",\"contentUrl\":\"https:\\\/\\\/www.jaba.dk\\\/wp-content\\\/uploads\\\/2018\\\/03\\\/rsz_udsigt_have.jpg\",\"width\":1500,\"height\":1000},{\"@type\":\"BreadcrumbList\",\"@id\":\"https:\\\/\\\/www.jaba.dk\\\/?page_id=238#breadcrumb\",\"itemListElement\":[{\"@type\":\"ListItem\",\"position\":1,\"name\":\"Hjem\",\"item\":\"https:\\\/\\\/www.jaba.dk\\\/\"},{\"@type\":\"ListItem\",\"position\":2,\"name\":\"Bogensegade\"}]},{\"@type\":\"WebSite\",\"@id\":\"https:\\\/\\\/www.jaba.dk\\\/#website\",\"url\":\"https:\\\/\\\/www.jaba.dk\\\/\",\"name\":\"Jaba Ejendomme A\\\/S\",\"description\":\"\",\"publisher\":{\"@id\":\"https:\\\/\\\/www.jaba.dk\\\/#organization\"},\"potentialAction\":[{\"@type\":\"SearchAction\",\"target\":{\"@type\":\"EntryPoint\",\"urlTemplate\":\"https:\\\/\\\/www.jaba.dk\\\/?s={search_term_string}\"},\"query-input\":{\"@type\":\"PropertyValueSpecification\",\"valueRequired\":true,\"valueName\":\"search_term_string\"}}],\"inLanguage\":\"da-DK\"},{\"@type\":\"Organization\",\"@id\":\"https:\\\/\\\/www.jaba.dk\\\/#organization\",\"name\":\"Jaba Ejendomme A\\\/S\",\"url\":\"https:\\\/\\\/www.jaba.dk\\\/\",\"logo\":{\"@type\":\"ImageObject\",\"inLanguage\":\"da-DK\",\"@id\":\"https:\\\/\\\/www.jaba.dk\\\/#\\\/schema\\\/logo\\\/image\\\/\",\"url\":\"https:\\\/\\\/www.jaba.dk\\\/wp-content\\\/uploads\\\/2017\\\/01\\\/jabalog-3-2.jpg\",\"contentUrl\":\"https:\\\/\\\/www.jaba.dk\\\/wp-content\\\/uploads\\\/2017\\\/01\\\/jabalog-3-2.jpg\",\"width\":237,\"height\":86,\"caption\":\"Jaba Ejendomme A\\\/S\"},\"image\":{\"@id\":\"https:\\\/\\\/www.jaba.dk\\\/#\\\/schema\\\/logo\\\/image\\\/\"}}]}<\/script>\n<!-- \/ Yoast SEO plugin. -->","yoast_head_json":{"title":"Bogensegade - Jaba Ejendomme A\/S","robots":{"index":"index","follow":"follow","max-snippet":"max-snippet:-1","max-image-preview":"max-image-preview:large","max-video-preview":"max-video-preview:-1"},"canonical":"https:\/\/www.jaba.dk\/?page_id=238","og_locale":"da_DK","og_type":"article","og_title":"Bogensegade - Jaba Ejendomme A\/S","og_description":"Ejendommen best\u00e5r af 10 stk. 2 v\u00e6relses lejligheder p\u00e5 56-58 m2 og 2 stk. hyggelige 1 v\u00e6relses kvistlejligheder p\u00e5 46 m2 med hems. &nbsp; &nbsp; &nbsp; &nbsp; &nbsp; &nbsp;","og_url":"https:\/\/www.jaba.dk\/?page_id=238","og_site_name":"Jaba Ejendomme A\/S","article_modified_time":"2018-03-15T18:28:20+00:00","og_image":[{"url":"https:\/\/www.jaba.dk\/wp-content\/uploads\/2018\/03\/rsz_udsigt_have-1024x683.jpg","type":"","width":"","height":""}],"twitter_card":"summary_large_image","schema":{"@context":"https:\/\/schema.org","@graph":[{"@type":"WebPage","@id":"https:\/\/www.jaba.dk\/?page_id=238","url":"https:\/\/www.jaba.dk\/?page_id=238","name":"Bogensegade - Jaba Ejendomme A\/S","isPartOf":{"@id":"https:\/\/www.jaba.dk\/#website"},"primaryImageOfPage":{"@id":"https:\/\/www.jaba.dk\/?page_id=238#primaryimage"},"image":{"@id":"https:\/\/www.jaba.dk\/?page_id=238#primaryimage"},"thumbnailUrl":"https:\/\/www.jaba.dk\/wp-content\/uploads\/2018\/03\/rsz_udsigt_have-1024x683.jpg","datePublished":"2018-03-15T17:55:26+00:00","dateModified":"2018-03-15T18:28:20+00:00","breadcrumb":{"@id":"https:\/\/www.jaba.dk\/?page_id=238#breadcrumb"},"inLanguage":"da-DK","potentialAction":[{"@type":"ReadAction","target":["https:\/\/www.jaba.dk\/?page_id=238"]}]},{"@type":"ImageObject","inLanguage":"da-DK","@id":"https:\/\/www.jaba.dk\/?page_id=238#primaryimage","url":"https:\/\/www.jaba.dk\/wp-content\/uploads\/2018\/03\/rsz_udsigt_have.jpg","contentUrl":"https:\/\/www.jaba.dk\/wp-content\/uploads\/2018\/03\/rsz_udsigt_have.jpg","width":1500,"height":1000},{"@type":"BreadcrumbList","@id":"https:\/\/www.jaba.dk\/?page_id=238#breadcrumb","itemListElement":[{"@type":"ListItem","position":1,"name":"Hjem","item":"https:\/\/www.jaba.dk\/"},{"@type":"ListItem","position":2,"name":"Bogensegade"}]},{"@type":"WebSite","@id":"https:\/\/www.jaba.dk\/#website","url":"https:\/\/www.jaba.dk\/","name":"Jaba Ejendomme A\/S","description":"","publisher":{"@id":"https:\/\/www.jaba.dk\/#organization"},"potentialAction":[{"@type":"SearchAction","target":{"@type":"EntryPoint","urlTemplate":"https:\/\/www.jaba.dk\/?s={search_term_string}"},"query-input":{"@type":"PropertyValueSpecification","valueRequired":true,"valueName":"search_term_string"}}],"inLanguage":"da-DK"},{"@type":"Organization","@id":"https:\/\/www.jaba.dk\/#organization","name":"Jaba Ejendomme A\/S","url":"https:\/\/www.jaba.dk\/","logo":{"@type":"ImageObject","inLanguage":"da-DK","@id":"https:\/\/www.jaba.dk\/#\/schema\/logo\/image\/","url":"https:\/\/www.jaba.dk\/wp-content\/uploads\/2017\/01\/jabalog-3-2.jpg","contentUrl":"https:\/\/www.jaba.dk\/wp-content\/uploads\/2017\/01\/jabalog-3-2.jpg","width":237,"height":86,"caption":"Jaba Ejendomme A\/S"},"image":{"@id":"https:\/\/www.jaba.dk\/#\/schema\/logo\/image\/"}}]}},"_links":{"self":[{"href":"https:\/\/www.jaba.dk\/index.php?rest_route=\/wp\/v2\/pages\/238","targetHints":{"allow":["GET"]}}],"collection":[{"href":"https:\/\/www.jaba.dk\/index.php?rest_route=\/wp\/v2\/pages"}],"about":[{"href":"https:\/\/www.jaba.dk\/index.php?rest_route=\/wp\/v2\/types\/page"}],"author":[{"embeddable":true,"href":"https:\/\/www.jaba.dk\/index.php?rest_route=\/wp\/v2\/users\/1"}],"replies":[{"embeddable":true,"href":"https:\/\/www.jaba.dk\/index.php?rest_route=%2Fwp%2Fv2%2Fcomments&post=238"}],"version-history":[{"count":4,"href":"https:\/\/www.jaba.dk\/index.php?rest_route=\/wp\/v2\/pages\/238\/revisions"}],"predecessor-version":[{"id":250,"href":"https:\/\/www.jaba.dk\/index.php?rest_route=\/wp\/v2\/pages\/238\/revisions\/250"}],"wp:attachment":[{"href":"https:\/\/www.jaba.dk\/index.php?rest_route=%2Fwp%2Fv2%2Fmedia&parent=238"}],"curies":[{"name":"wp","href":"https:\/\/api.w.org\/{rel}","templated":true}]}}