{"id":150,"date":"2017-01-23T18:25:38","date_gmt":"2017-01-23T18:25:38","guid":{"rendered":"http:\/\/www.jaba.dk\/?page_id=150"},"modified":"2017-01-24T20:55:03","modified_gmt":"2017-01-24T20:55:03","slug":"forbrugsregnskaber","status":"publish","type":"page","link":"https:\/\/www.jaba.dk\/?page_id=150","title":{"rendered":"Forbrugsregnskaber"},"content":{"rendered":"<p>Vand og varme regnskaber l\u00f8ber et \u00e5r typisk fra 1. april til 31. marts.<\/p>\n<p>I henhold til Lejeloves bestemmelser, skal regnskabet udsendes til lejerne inden tre m\u00e5neder efter vi har modtaget opg\u00f8relse fra forsynings selskaberne.<\/p>\n<p>Hvis regnskabs\u00e5ret l\u00f8ber til 31. marts bestr\u00e6ber vi os p\u00e5 at regnskabet bliver udsendt inden udgangen af maj m\u00e5ned. Og afregningen vil s\u00e5 ske sammen med juli m\u00e5neds husleje.<\/p>\n<p>Hvis du er fraflyttet i l\u00f8bet af regnskabs\u00e5ret, er det ikke muligt at opg\u00f8re dit regnskab f\u00f8r vi kender \u00e5rs forbruget. Du vil s\u00e5ledes modtage en endelig opg\u00f8relse som her beskrevet.<\/p>\n<p>&nbsp;<\/p>\n<p>&nbsp;<\/p>\n<p>&nbsp;<\/p>\n<p>&nbsp;<\/p>\n<p>&nbsp;<\/p>\n<p>&nbsp;<\/p>\n<p>&nbsp;<\/p>\n","protected":false},"excerpt":{"rendered":"<p>Vand og varme regnskaber l\u00f8ber et \u00e5r typisk fra 1. april til 31. marts. I henhold til Lejeloves bestemmelser, skal regnskabet udsendes til lejerne inden tre m\u00e5neder efter vi har modtaget opg\u00f8relse fra forsynings selskaberne. Hvis regnskabs\u00e5ret l\u00f8ber til 31. marts bestr\u00e6ber vi os p\u00e5 at regnskabet bliver udsendt inden udgangen af maj m\u00e5ned. Og &#8230; <a title=\"Forbrugsregnskaber\" class=\"read-more\" href=\"https:\/\/www.jaba.dk\/?page_id=150\">Read more<\/a><\/p>\n","protected":false},"author":1,"featured_media":0,"parent":0,"menu_order":0,"comment_status":"closed","ping_status":"closed","template":"","meta":{"generate_page_header":"","footnotes":""},"class_list":["post-150","page","type-page","status-publish"],"yoast_head":"<!-- This site is optimized with the Yoast SEO plugin v27.5 - https:\/\/yoast.com\/product\/yoast-seo-wordpress\/ -->\n<title>Forbrugsregnskaber - Jaba Ejendomme A\/S<\/title>\n<meta name=\"robots\" content=\"index, follow, max-snippet:-1, max-image-preview:large, max-video-preview:-1\" \/>\n<link rel=\"canonical\" href=\"https:\/\/www.jaba.dk\/?page_id=150\" \/>\n<meta property=\"og:locale\" content=\"da_DK\" \/>\n<meta property=\"og:type\" content=\"article\" \/>\n<meta property=\"og:title\" content=\"Forbrugsregnskaber - Jaba Ejendomme A\/S\" \/>\n<meta property=\"og:description\" content=\"Vand og varme regnskaber l\u00f8ber et \u00e5r typisk fra 1. april til 31. marts. I henhold til Lejeloves bestemmelser, skal regnskabet udsendes til lejerne inden tre m\u00e5neder efter vi har modtaget opg\u00f8relse fra forsynings selskaberne. Hvis regnskabs\u00e5ret l\u00f8ber til 31. marts bestr\u00e6ber vi os p\u00e5 at regnskabet bliver udsendt inden udgangen af maj m\u00e5ned. Og ... Read more\" \/>\n<meta property=\"og:url\" content=\"https:\/\/www.jaba.dk\/?page_id=150\" \/>\n<meta property=\"og:site_name\" content=\"Jaba Ejendomme A\/S\" \/>\n<meta property=\"article:modified_time\" content=\"2017-01-24T20:55:03+00:00\" \/>\n<meta name=\"twitter:card\" content=\"summary_large_image\" \/>\n<meta name=\"twitter:label1\" content=\"Estimeret l\u00e6setid\" \/>\n\t<meta name=\"twitter:data1\" content=\"1 minut\" \/>\n<script type=\"application\/ld+json\" class=\"yoast-schema-graph\">{\"@context\":\"https:\\\/\\\/schema.org\",\"@graph\":[{\"@type\":\"WebPage\",\"@id\":\"https:\\\/\\\/www.jaba.dk\\\/?page_id=150\",\"url\":\"https:\\\/\\\/www.jaba.dk\\\/?page_id=150\",\"name\":\"Forbrugsregnskaber - Jaba Ejendomme A\\\/S\",\"isPartOf\":{\"@id\":\"https:\\\/\\\/www.jaba.dk\\\/#website\"},\"datePublished\":\"2017-01-23T18:25:38+00:00\",\"dateModified\":\"2017-01-24T20:55:03+00:00\",\"breadcrumb\":{\"@id\":\"https:\\\/\\\/www.jaba.dk\\\/?page_id=150#breadcrumb\"},\"inLanguage\":\"da-DK\",\"potentialAction\":[{\"@type\":\"ReadAction\",\"target\":[\"https:\\\/\\\/www.jaba.dk\\\/?page_id=150\"]}]},{\"@type\":\"BreadcrumbList\",\"@id\":\"https:\\\/\\\/www.jaba.dk\\\/?page_id=150#breadcrumb\",\"itemListElement\":[{\"@type\":\"ListItem\",\"position\":1,\"name\":\"Hjem\",\"item\":\"https:\\\/\\\/www.jaba.dk\\\/\"},{\"@type\":\"ListItem\",\"position\":2,\"name\":\"Forbrugsregnskaber\"}]},{\"@type\":\"WebSite\",\"@id\":\"https:\\\/\\\/www.jaba.dk\\\/#website\",\"url\":\"https:\\\/\\\/www.jaba.dk\\\/\",\"name\":\"Jaba Ejendomme A\\\/S\",\"description\":\"\",\"publisher\":{\"@id\":\"https:\\\/\\\/www.jaba.dk\\\/#organization\"},\"potentialAction\":[{\"@type\":\"SearchAction\",\"target\":{\"@type\":\"EntryPoint\",\"urlTemplate\":\"https:\\\/\\\/www.jaba.dk\\\/?s={search_term_string}\"},\"query-input\":{\"@type\":\"PropertyValueSpecification\",\"valueRequired\":true,\"valueName\":\"search_term_string\"}}],\"inLanguage\":\"da-DK\"},{\"@type\":\"Organization\",\"@id\":\"https:\\\/\\\/www.jaba.dk\\\/#organization\",\"name\":\"Jaba Ejendomme A\\\/S\",\"url\":\"https:\\\/\\\/www.jaba.dk\\\/\",\"logo\":{\"@type\":\"ImageObject\",\"inLanguage\":\"da-DK\",\"@id\":\"https:\\\/\\\/www.jaba.dk\\\/#\\\/schema\\\/logo\\\/image\\\/\",\"url\":\"https:\\\/\\\/www.jaba.dk\\\/wp-content\\\/uploads\\\/2017\\\/01\\\/jabalog-3-2.jpg\",\"contentUrl\":\"https:\\\/\\\/www.jaba.dk\\\/wp-content\\\/uploads\\\/2017\\\/01\\\/jabalog-3-2.jpg\",\"width\":237,\"height\":86,\"caption\":\"Jaba Ejendomme A\\\/S\"},\"image\":{\"@id\":\"https:\\\/\\\/www.jaba.dk\\\/#\\\/schema\\\/logo\\\/image\\\/\"}}]}<\/script>\n<!-- \/ Yoast SEO plugin. -->","yoast_head_json":{"title":"Forbrugsregnskaber - Jaba Ejendomme A\/S","robots":{"index":"index","follow":"follow","max-snippet":"max-snippet:-1","max-image-preview":"max-image-preview:large","max-video-preview":"max-video-preview:-1"},"canonical":"https:\/\/www.jaba.dk\/?page_id=150","og_locale":"da_DK","og_type":"article","og_title":"Forbrugsregnskaber - Jaba Ejendomme A\/S","og_description":"Vand og varme regnskaber l\u00f8ber et \u00e5r typisk fra 1. april til 31. marts. I henhold til Lejeloves bestemmelser, skal regnskabet udsendes til lejerne inden tre m\u00e5neder efter vi har modtaget opg\u00f8relse fra forsynings selskaberne. Hvis regnskabs\u00e5ret l\u00f8ber til 31. marts bestr\u00e6ber vi os p\u00e5 at regnskabet bliver udsendt inden udgangen af maj m\u00e5ned. Og ... Read more","og_url":"https:\/\/www.jaba.dk\/?page_id=150","og_site_name":"Jaba Ejendomme A\/S","article_modified_time":"2017-01-24T20:55:03+00:00","twitter_card":"summary_large_image","twitter_misc":{"Estimeret l\u00e6setid":"1 minut"},"schema":{"@context":"https:\/\/schema.org","@graph":[{"@type":"WebPage","@id":"https:\/\/www.jaba.dk\/?page_id=150","url":"https:\/\/www.jaba.dk\/?page_id=150","name":"Forbrugsregnskaber - Jaba Ejendomme A\/S","isPartOf":{"@id":"https:\/\/www.jaba.dk\/#website"},"datePublished":"2017-01-23T18:25:38+00:00","dateModified":"2017-01-24T20:55:03+00:00","breadcrumb":{"@id":"https:\/\/www.jaba.dk\/?page_id=150#breadcrumb"},"inLanguage":"da-DK","potentialAction":[{"@type":"ReadAction","target":["https:\/\/www.jaba.dk\/?page_id=150"]}]},{"@type":"BreadcrumbList","@id":"https:\/\/www.jaba.dk\/?page_id=150#breadcrumb","itemListElement":[{"@type":"ListItem","position":1,"name":"Hjem","item":"https:\/\/www.jaba.dk\/"},{"@type":"ListItem","position":2,"name":"Forbrugsregnskaber"}]},{"@type":"WebSite","@id":"https:\/\/www.jaba.dk\/#website","url":"https:\/\/www.jaba.dk\/","name":"Jaba Ejendomme A\/S","description":"","publisher":{"@id":"https:\/\/www.jaba.dk\/#organization"},"potentialAction":[{"@type":"SearchAction","target":{"@type":"EntryPoint","urlTemplate":"https:\/\/www.jaba.dk\/?s={search_term_string}"},"query-input":{"@type":"PropertyValueSpecification","valueRequired":true,"valueName":"search_term_string"}}],"inLanguage":"da-DK"},{"@type":"Organization","@id":"https:\/\/www.jaba.dk\/#organization","name":"Jaba Ejendomme A\/S","url":"https:\/\/www.jaba.dk\/","logo":{"@type":"ImageObject","inLanguage":"da-DK","@id":"https:\/\/www.jaba.dk\/#\/schema\/logo\/image\/","url":"https:\/\/www.jaba.dk\/wp-content\/uploads\/2017\/01\/jabalog-3-2.jpg","contentUrl":"https:\/\/www.jaba.dk\/wp-content\/uploads\/2017\/01\/jabalog-3-2.jpg","width":237,"height":86,"caption":"Jaba Ejendomme A\/S"},"image":{"@id":"https:\/\/www.jaba.dk\/#\/schema\/logo\/image\/"}}]}},"_links":{"self":[{"href":"https:\/\/www.jaba.dk\/index.php?rest_route=\/wp\/v2\/pages\/150","targetHints":{"allow":["GET"]}}],"collection":[{"href":"https:\/\/www.jaba.dk\/index.php?rest_route=\/wp\/v2\/pages"}],"about":[{"href":"https:\/\/www.jaba.dk\/index.php?rest_route=\/wp\/v2\/types\/page"}],"author":[{"embeddable":true,"href":"https:\/\/www.jaba.dk\/index.php?rest_route=\/wp\/v2\/users\/1"}],"replies":[{"embeddable":true,"href":"https:\/\/www.jaba.dk\/index.php?rest_route=%2Fwp%2Fv2%2Fcomments&post=150"}],"version-history":[{"count":5,"href":"https:\/\/www.jaba.dk\/index.php?rest_route=\/wp\/v2\/pages\/150\/revisions"}],"predecessor-version":[{"id":162,"href":"https:\/\/www.jaba.dk\/index.php?rest_route=\/wp\/v2\/pages\/150\/revisions\/162"}],"wp:attachment":[{"href":"https:\/\/www.jaba.dk\/index.php?rest_route=%2Fwp%2Fv2%2Fmedia&parent=150"}],"curies":[{"name":"wp","href":"https:\/\/api.w.org\/{rel}","templated":true}]}}