{"id":110,"date":"2017-01-21T16:50:43","date_gmt":"2017-01-21T16:50:43","guid":{"rendered":"http:\/\/test.jaba.dk\/?page_id=110"},"modified":"2019-06-09T09:32:21","modified_gmt":"2019-06-09T09:32:21","slug":"storskrald","status":"publish","type":"page","link":"https:\/\/www.jaba.dk\/?page_id=110","title":{"rendered":"Storskrald"},"content":{"rendered":"<h2>Storskrald<\/h2>\n<p>Gratis afhentning af storskrald kan bestilles p\u00e5\u00a0<a href=\"https:\/\/nemaffald.aarhuskommune.dk\/Storskrald\/VaelgAfhentningsadresse\">http:\/\/www.aarhus.dk\/storskrald<\/a>\u00a0eller\u00a089 40 16 00<\/p>\n<p>Storskrald m\u00e5 ikke stilles ned p\u00e5 gaden f\u00f8r du\/i har bestilt afhentning af dette, og tidligst aftenen f\u00f8r aftalt afhentning.<\/p>\n","protected":false},"excerpt":{"rendered":"<p>Storskrald Gratis afhentning af storskrald kan bestilles p\u00e5\u00a0http:\/\/www.aarhus.dk\/storskrald\u00a0eller\u00a089 40 16 00 Storskrald m\u00e5 ikke stilles ned p\u00e5 gaden f\u00f8r du\/i har bestilt afhentning af dette, og tidligst aftenen f\u00f8r aftalt afhentning.<\/p>\n","protected":false},"author":1,"featured_media":0,"parent":0,"menu_order":0,"comment_status":"closed","ping_status":"closed","template":"","meta":{"generate_page_header":"","footnotes":""},"class_list":["post-110","page","type-page","status-publish"],"yoast_head":"<!-- This site is optimized with the Yoast SEO plugin v27.5 - https:\/\/yoast.com\/product\/yoast-seo-wordpress\/ -->\n<title>Storskrald - Jaba Ejendomme A\/S<\/title>\n<meta name=\"robots\" content=\"index, follow, max-snippet:-1, max-image-preview:large, max-video-preview:-1\" \/>\n<link rel=\"canonical\" href=\"https:\/\/www.jaba.dk\/?page_id=110\" \/>\n<meta property=\"og:locale\" content=\"da_DK\" \/>\n<meta property=\"og:type\" content=\"article\" \/>\n<meta property=\"og:title\" content=\"Storskrald - Jaba Ejendomme A\/S\" \/>\n<meta property=\"og:description\" content=\"Storskrald Gratis afhentning af storskrald kan bestilles p\u00e5\u00a0http:\/\/www.aarhus.dk\/storskrald\u00a0eller\u00a089 40 16 00 Storskrald m\u00e5 ikke stilles ned p\u00e5 gaden f\u00f8r du\/i har bestilt afhentning af dette, og tidligst aftenen f\u00f8r aftalt afhentning.\" \/>\n<meta property=\"og:url\" content=\"https:\/\/www.jaba.dk\/?page_id=110\" \/>\n<meta property=\"og:site_name\" content=\"Jaba Ejendomme A\/S\" \/>\n<meta property=\"article:modified_time\" content=\"2019-06-09T09:32:21+00:00\" \/>\n<meta name=\"twitter:card\" content=\"summary_large_image\" \/>\n<script type=\"application\/ld+json\" class=\"yoast-schema-graph\">{\"@context\":\"https:\\\/\\\/schema.org\",\"@graph\":[{\"@type\":\"WebPage\",\"@id\":\"https:\\\/\\\/www.jaba.dk\\\/?page_id=110\",\"url\":\"https:\\\/\\\/www.jaba.dk\\\/?page_id=110\",\"name\":\"Storskrald - Jaba Ejendomme A\\\/S\",\"isPartOf\":{\"@id\":\"https:\\\/\\\/www.jaba.dk\\\/#website\"},\"datePublished\":\"2017-01-21T16:50:43+00:00\",\"dateModified\":\"2019-06-09T09:32:21+00:00\",\"breadcrumb\":{\"@id\":\"https:\\\/\\\/www.jaba.dk\\\/?page_id=110#breadcrumb\"},\"inLanguage\":\"da-DK\",\"potentialAction\":[{\"@type\":\"ReadAction\",\"target\":[\"https:\\\/\\\/www.jaba.dk\\\/?page_id=110\"]}]},{\"@type\":\"BreadcrumbList\",\"@id\":\"https:\\\/\\\/www.jaba.dk\\\/?page_id=110#breadcrumb\",\"itemListElement\":[{\"@type\":\"ListItem\",\"position\":1,\"name\":\"Hjem\",\"item\":\"https:\\\/\\\/www.jaba.dk\\\/\"},{\"@type\":\"ListItem\",\"position\":2,\"name\":\"Storskrald\"}]},{\"@type\":\"WebSite\",\"@id\":\"https:\\\/\\\/www.jaba.dk\\\/#website\",\"url\":\"https:\\\/\\\/www.jaba.dk\\\/\",\"name\":\"Jaba Ejendomme A\\\/S\",\"description\":\"\",\"publisher\":{\"@id\":\"https:\\\/\\\/www.jaba.dk\\\/#organization\"},\"potentialAction\":[{\"@type\":\"SearchAction\",\"target\":{\"@type\":\"EntryPoint\",\"urlTemplate\":\"https:\\\/\\\/www.jaba.dk\\\/?s={search_term_string}\"},\"query-input\":{\"@type\":\"PropertyValueSpecification\",\"valueRequired\":true,\"valueName\":\"search_term_string\"}}],\"inLanguage\":\"da-DK\"},{\"@type\":\"Organization\",\"@id\":\"https:\\\/\\\/www.jaba.dk\\\/#organization\",\"name\":\"Jaba Ejendomme A\\\/S\",\"url\":\"https:\\\/\\\/www.jaba.dk\\\/\",\"logo\":{\"@type\":\"ImageObject\",\"inLanguage\":\"da-DK\",\"@id\":\"https:\\\/\\\/www.jaba.dk\\\/#\\\/schema\\\/logo\\\/image\\\/\",\"url\":\"https:\\\/\\\/www.jaba.dk\\\/wp-content\\\/uploads\\\/2017\\\/01\\\/jabalog-3-2.jpg\",\"contentUrl\":\"https:\\\/\\\/www.jaba.dk\\\/wp-content\\\/uploads\\\/2017\\\/01\\\/jabalog-3-2.jpg\",\"width\":237,\"height\":86,\"caption\":\"Jaba Ejendomme A\\\/S\"},\"image\":{\"@id\":\"https:\\\/\\\/www.jaba.dk\\\/#\\\/schema\\\/logo\\\/image\\\/\"}}]}<\/script>\n<!-- \/ Yoast SEO plugin. -->","yoast_head_json":{"title":"Storskrald - Jaba Ejendomme A\/S","robots":{"index":"index","follow":"follow","max-snippet":"max-snippet:-1","max-image-preview":"max-image-preview:large","max-video-preview":"max-video-preview:-1"},"canonical":"https:\/\/www.jaba.dk\/?page_id=110","og_locale":"da_DK","og_type":"article","og_title":"Storskrald - Jaba Ejendomme A\/S","og_description":"Storskrald Gratis afhentning af storskrald kan bestilles p\u00e5\u00a0http:\/\/www.aarhus.dk\/storskrald\u00a0eller\u00a089 40 16 00 Storskrald m\u00e5 ikke stilles ned p\u00e5 gaden f\u00f8r du\/i har bestilt afhentning af dette, og tidligst aftenen f\u00f8r aftalt afhentning.","og_url":"https:\/\/www.jaba.dk\/?page_id=110","og_site_name":"Jaba Ejendomme A\/S","article_modified_time":"2019-06-09T09:32:21+00:00","twitter_card":"summary_large_image","schema":{"@context":"https:\/\/schema.org","@graph":[{"@type":"WebPage","@id":"https:\/\/www.jaba.dk\/?page_id=110","url":"https:\/\/www.jaba.dk\/?page_id=110","name":"Storskrald - Jaba Ejendomme A\/S","isPartOf":{"@id":"https:\/\/www.jaba.dk\/#website"},"datePublished":"2017-01-21T16:50:43+00:00","dateModified":"2019-06-09T09:32:21+00:00","breadcrumb":{"@id":"https:\/\/www.jaba.dk\/?page_id=110#breadcrumb"},"inLanguage":"da-DK","potentialAction":[{"@type":"ReadAction","target":["https:\/\/www.jaba.dk\/?page_id=110"]}]},{"@type":"BreadcrumbList","@id":"https:\/\/www.jaba.dk\/?page_id=110#breadcrumb","itemListElement":[{"@type":"ListItem","position":1,"name":"Hjem","item":"https:\/\/www.jaba.dk\/"},{"@type":"ListItem","position":2,"name":"Storskrald"}]},{"@type":"WebSite","@id":"https:\/\/www.jaba.dk\/#website","url":"https:\/\/www.jaba.dk\/","name":"Jaba Ejendomme A\/S","description":"","publisher":{"@id":"https:\/\/www.jaba.dk\/#organization"},"potentialAction":[{"@type":"SearchAction","target":{"@type":"EntryPoint","urlTemplate":"https:\/\/www.jaba.dk\/?s={search_term_string}"},"query-input":{"@type":"PropertyValueSpecification","valueRequired":true,"valueName":"search_term_string"}}],"inLanguage":"da-DK"},{"@type":"Organization","@id":"https:\/\/www.jaba.dk\/#organization","name":"Jaba Ejendomme A\/S","url":"https:\/\/www.jaba.dk\/","logo":{"@type":"ImageObject","inLanguage":"da-DK","@id":"https:\/\/www.jaba.dk\/#\/schema\/logo\/image\/","url":"https:\/\/www.jaba.dk\/wp-content\/uploads\/2017\/01\/jabalog-3-2.jpg","contentUrl":"https:\/\/www.jaba.dk\/wp-content\/uploads\/2017\/01\/jabalog-3-2.jpg","width":237,"height":86,"caption":"Jaba Ejendomme A\/S"},"image":{"@id":"https:\/\/www.jaba.dk\/#\/schema\/logo\/image\/"}}]}},"_links":{"self":[{"href":"https:\/\/www.jaba.dk\/index.php?rest_route=\/wp\/v2\/pages\/110","targetHints":{"allow":["GET"]}}],"collection":[{"href":"https:\/\/www.jaba.dk\/index.php?rest_route=\/wp\/v2\/pages"}],"about":[{"href":"https:\/\/www.jaba.dk\/index.php?rest_route=\/wp\/v2\/types\/page"}],"author":[{"embeddable":true,"href":"https:\/\/www.jaba.dk\/index.php?rest_route=\/wp\/v2\/users\/1"}],"replies":[{"embeddable":true,"href":"https:\/\/www.jaba.dk\/index.php?rest_route=%2Fwp%2Fv2%2Fcomments&post=110"}],"version-history":[{"count":6,"href":"https:\/\/www.jaba.dk\/index.php?rest_route=\/wp\/v2\/pages\/110\/revisions"}],"predecessor-version":[{"id":298,"href":"https:\/\/www.jaba.dk\/index.php?rest_route=\/wp\/v2\/pages\/110\/revisions\/298"}],"wp:attachment":[{"href":"https:\/\/www.jaba.dk\/index.php?rest_route=%2Fwp%2Fv2%2Fmedia&parent=110"}],"curies":[{"name":"wp","href":"https:\/\/api.w.org\/{rel}","templated":true}]}}